{"id":36098,"date":"2022-03-17T19:24:28","date_gmt":"2022-03-17T18:24:28","guid":{"rendered":"https:\/\/genove.com\/brands\/"},"modified":"2023-07-26T09:38:17","modified_gmt":"2023-07-26T07:38:17","slug":"brands","status":"publish","type":"page","link":"https:\/\/genove.com\/en\/brands\/","title":{"rendered":"Brands"},"content":{"rendered":"<div class=\"wpb-content-wrapper\"><p>[vc_row][vc_column][vc_column_text css=&#8221;.vc_custom_1648033210927{margin-bottom: 50px !important;}&#8221;]<\/p>\n<h1 style=\"text-align: center;\"><strong>GENOV\u00c9<\/strong> BRANDS<\/h1>\n<p>[\/vc_column_text][\/vc_column][\/vc_row][vc_row equal_height=&#8221;yes&#8221; content_placement=&#8221;middle&#8221; el_class=&#8221;banners&#8221;][vc_column width=&#8221;1\/3&#8243;]<div class=\"shortcode-banner shortcode-banner-link\" style=\"min-height: 400px;background-image: url(https:\/\/genove.com\/wp-content\/uploads\/2022\/03\/i-pilopeptan.jpg)\" onclick=\"window.location.href='https:\/\/genove.com\/marcas\/pilopeptan';\"><div class=\"shortcode-banner-bg wf-table\" style=\"padding: 0px;min-height: 400px\"><div class=\"shortcode-banner-inside wf-table text-big\" style=\"background-color: rgb(255,255,255);background-color: rgba(255,255,255,0.01);border: solid 0px transparent;outline: solid 0px;outline-color: rgba(255,255,255,0.01);height: 400px\"><div><p>PILOPEPTAN<sup>\u00ae<\/sup><\/p>\n<\/div><\/div><\/div><\/div>[\/vc_column][vc_column width=&#8221;1\/3&#8243;]<div class=\"shortcode-banner shortcode-banner-link\" style=\"min-height: 400px;background-image: url(https:\/\/genove.com\/wp-content\/uploads\/2022\/01\/f6.jpg)\" onclick=\"window.location.href='https:\/\/genove.com\/marcas\/noxzema';\"><div class=\"shortcode-banner-bg wf-table\" style=\"padding: 0px;min-height: 400px\"><div class=\"shortcode-banner-inside wf-table text-big\" style=\"background-color: rgb(255,255,255);background-color: rgba(255,255,255,0.01);border: solid 0px transparent;outline: solid 0px;outline-color: rgba(255,255,255,0.01);height: 400px\"><div><p>NOXZEMA<sup>\u00ae<\/sup><\/p>\n<\/div><\/div><\/div><\/div>[\/vc_column][vc_column width=&#8221;1\/3&#8243;]<div class=\"shortcode-banner shortcode-banner-link\" style=\"min-height: 400px;background-image: url(https:\/\/genove.com\/wp-content\/uploads\/2023\/02\/proteccion_solar_genosun.jpg)\" onclick=\"window.location.href='https:\/\/genove.com\/marcas\/genosun';\"><div class=\"shortcode-banner-bg wf-table\" style=\"padding: 0px;min-height: 400px\"><div class=\"shortcode-banner-inside wf-table text-big\" style=\"background-color: rgb(255,255,255);background-color: rgba(255,255,255,0.01);border: solid 0px transparent;outline: solid 0px;outline-color: rgba(255,255,255,0.01);height: 400px\"><div><p>GENOSUN<sup>\u00ae<\/sup><\/p>\n<\/div><\/div><\/div><\/div>[\/vc_column][\/vc_row][vc_row equal_height=&#8221;yes&#8221; content_placement=&#8221;middle&#8221; el_class=&#8221;banners&#8221;][vc_column width=&#8221;1\/3&#8243;]<div class=\"shortcode-banner shortcode-banner-link\" style=\"min-height: 400px;background-image: url(https:\/\/genove.com\/wp-content\/uploads\/2022\/03\/i-genocutan.jpg)\" onclick=\"window.location.href='https:\/\/genove.com\/marcas\/genocutan';\"><div class=\"shortcode-banner-bg wf-table\" style=\"padding: 0px;min-height: 400px\"><div class=\"shortcode-banner-inside wf-table text-big\" style=\"background-color: rgb(255,255,255);background-color: rgba(255,255,255,0.01);border: solid 0px transparent;outline: solid 0px;outline-color: rgba(255,255,255,0.01);height: 400px\"><div><p>GENOCUTAN<sup>\u00ae<\/sup><\/p>\n<\/div><\/div><\/div><\/div>[\/vc_column][vc_column width=&#8221;1\/3&#8243;]<div class=\"shortcode-banner shortcode-banner-link\" style=\"min-height: 400px;background-image: url(https:\/\/genove.com\/wp-content\/uploads\/2022\/03\/I-GENODERM.jpg)\" onclick=\"window.location.href='https:\/\/genove.com\/marcas\/genoderm-genotergente';\"><div class=\"shortcode-banner-bg wf-table\" style=\"padding: 0px;min-height: 400px\"><div class=\"shortcode-banner-inside wf-table text-big\" style=\"background-color: rgb(255,255,255);background-color: rgba(255,255,255,0.01);border: solid 0px transparent;outline: solid 0px;outline-color: rgba(255,255,255,0.01);height: 400px\"><div><p>GENODERM<sup>\u00ae<\/sup><br \/>\nGENOTERGENTE<\/p>\n<\/div><\/div><\/div><\/div>[\/vc_column][vc_column width=&#8221;1\/3&#8243;]<div class=\"shortcode-banner shortcode-banner-link\" style=\"min-height: 400px;background-image: url(https:\/\/genove.com\/wp-content\/uploads\/2023\/01\/Diseno-sin-titulo-1.jpg)\" onclick=\"window.location.href='https:\/\/genove.com\/marcas\/fluidbase\/';\"><div class=\"shortcode-banner-bg wf-table\" style=\"padding: 0px;min-height: 400px\"><div class=\"shortcode-banner-inside wf-table text-big\" style=\"background-color: rgb(255,255,255);background-color: rgba(255,255,255,0.01);border: solid 0px transparent;outline: solid 0px;outline-color: rgba(255,255,255,0.01);height: 400px\"><div><p>FLUIDBASE<sup>\u00ae<\/sup><\/p>\n<\/div><\/div><\/div><\/div>[\/vc_column][\/vc_row][vc_row equal_height=&#8221;yes&#8221; content_placement=&#8221;middle&#8221; el_class=&#8221;banners&#8221;][vc_column width=&#8221;1\/3&#8243;]<div class=\"shortcode-banner shortcode-banner-link\" style=\"min-height: 400px;background-image: url(https:\/\/genove.com\/wp-content\/uploads\/2023\/01\/Diseno-sin-titulo.jpg)\" onclick=\"window.location.href='https:\/\/genove.com\/marcas\/fluidbase-rederm\/';\"><div class=\"shortcode-banner-bg wf-table\" style=\"padding: 0px;min-height: 400px\"><div class=\"shortcode-banner-inside wf-table text-big\" style=\"background-color: rgb(255,255,255);background-color: rgba(255,255,255,0.01);border: solid 0px transparent;outline: solid 0px;outline-color: rgba(255,255,255,0.01);height: 400px\"><div><p>FLUIDBASE REDERM<sup>\u00ae<\/sup><\/p>\n<\/div><\/div><\/div><\/div>[\/vc_column][vc_column width=&#8221;1\/3&#8243;]<div class=\"shortcode-banner shortcode-banner-link\" style=\"min-height: 400px;background-image: url(https:\/\/genove.com\/wp-content\/uploads\/2022\/03\/i-genomask.jpg)\" onclick=\"window.location.href='https:\/\/genove.com\/marcas\/genomask\/';\"><div class=\"shortcode-banner-bg wf-table\" style=\"padding: 0px;min-height: 400px\"><div class=\"shortcode-banner-inside wf-table text-big\" style=\"background-color: rgb(255,255,255);background-color: rgba(255,255,255,0.01);border: solid 0px transparent;outline: solid 0px;outline-color: rgba(255,255,255,0.01);height: 400px\"><div><p>GENOMASK<sup>\u00ae<\/sup><\/p>\n<\/div><\/div><\/div><\/div>[\/vc_column][vc_column width=&#8221;1\/3&#8243;]<div class=\"shortcode-banner shortcode-banner-link\" style=\"min-height: 400px;background-image: url(https:\/\/genove.com\/wp-content\/uploads\/2022\/01\/f7.jpg)\" onclick=\"window.location.href='https:\/\/genove.com\/marcas\/genocure\/';\"><div class=\"shortcode-banner-bg wf-table\" style=\"padding: 0px;min-height: 400px\"><div class=\"shortcode-banner-inside wf-table text-big\" style=\"background-color: rgb(255,255,255);background-color: rgba(255,255,255,0.01);border: solid 0px transparent;outline: solid 0px;outline-color: rgba(255,255,255,0.01);height: 400px\"><div><p>GENOCURE<sup>\u00ae<\/sup><\/p>\n<\/div><\/div><\/div><\/div>[\/vc_column][\/vc_row][vc_row equal_height=&#8221;yes&#8221; content_placement=&#8221;middle&#8221; el_class=&#8221;banners&#8221;][vc_column width=&#8221;1\/3&#8243;]<div class=\"shortcode-banner shortcode-banner-link\" style=\"min-height: 400px;background-image: url(https:\/\/genove.com\/wp-content\/uploads\/2023\/02\/agua_de_rosas.jpg)\" onclick=\"window.location.href='https:\/\/genove.com\/marcas\/agua-de-rosas\/';\"><div class=\"shortcode-banner-bg wf-table\" style=\"padding: 0px;min-height: 400px\"><div class=\"shortcode-banner-inside wf-table text-big\" style=\"background-color: rgb(255,255,255);background-color: rgba(255,255,255,0.01);border: solid 0px transparent;outline: solid 0px;outline-color: rgba(255,255,255,0.01);height: 400px\"><div><p>AGUA DE ROSAS<\/p>\n<\/div><\/div><\/div><\/div>[\/vc_column][vc_column width=&#8221;1\/3&#8243;]<div class=\"shortcode-banner shortcode-banner-link\" style=\"min-height: 400px;background-image: url(https:\/\/genove.com\/wp-content\/uploads\/2022\/04\/detox-img.jpg)\" onclick=\"window.location.href='https:\/\/genove.com\/marcas\/detox\/';\"><div class=\"shortcode-banner-bg wf-table\" style=\"padding: 0px;min-height: 400px\"><div class=\"shortcode-banner-inside wf-table text-big\" style=\"background-color: rgb(255,255,255);background-color: rgba(255,255,255,0.01);border: solid 0px transparent;outline: solid 0px;outline-color: rgba(255,255,255,0.01);height: 400px\"><div><p>DETOX<\/p>\n<\/div><\/div><\/div><\/div>[\/vc_column][vc_column width=&#8221;1\/3&#8243;][\/vc_column][\/vc_row]<\/p>\n<\/div>","protected":false},"excerpt":{"rendered":"<p>[vc_row][vc_column][vc_column_text css=&#8221;.vc_custom_1648033210927{margin-bottom: 50px !important;}&#8221;] GENOV\u00c9 BRANDS [\/vc_column_text][\/vc_column][\/vc_row][vc_row equal_height=&#8221;yes&#8221; content_placement=&#8221;middle&#8221; el_class=&#8221;banners&#8221;][vc_column width=&#8221;1\/3&#8243;][\/vc_column][vc_column width=&#8221;1\/3&#8243;][\/vc_column][vc_column width=&#8221;1\/3&#8243;][\/vc_column][\/vc_row][vc_row equal_height=&#8221;yes&#8221; content_placement=&#8221;middle&#8221; el_class=&#8221;banners&#8221;][vc_column width=&#8221;1\/3&#8243;][\/vc_column][vc_column width=&#8221;1\/3&#8243;][\/vc_column][vc_column width=&#8221;1\/3&#8243;][\/vc_column][\/vc_row][vc_row equal_height=&#8221;yes&#8221; content_placement=&#8221;middle&#8221; el_class=&#8221;banners&#8221;][vc_column width=&#8221;1\/3&#8243;][\/vc_column][vc_column width=&#8221;1\/3&#8243;][\/vc_column][vc_column width=&#8221;1\/3&#8243;][\/vc_column][\/vc_row][vc_row equal_height=&#8221;yes&#8221; content_placement=&#8221;middle&#8221; el_class=&#8221;banners&#8221;][vc_column width=&#8221;1\/3&#8243;][\/vc_column][vc_column width=&#8221;1\/3&#8243;][\/vc_column][vc_column width=&#8221;1\/3&#8243;][\/vc_column][\/vc_row]<\/p>\n","protected":false},"author":1,"featured_media":0,"parent":0,"menu_order":0,"comment_status":"closed","ping_status":"closed","template":"","meta":{"inline_featured_image":false,"footnotes":""},"class_list":["post-36098","page","type-page","status-publish","hentry","description-off"],"yoast_head":"<!-- This site is optimized with the Yoast SEO plugin v27.4 - https:\/\/yoast.com\/product\/yoast-seo-wordpress\/ -->\n<title>Brands - Genov\u00e9<\/title>\n<meta name=\"robots\" content=\"index, follow, max-snippet:-1, max-image-preview:large, max-video-preview:-1\" \/>\n<link rel=\"canonical\" href=\"https:\/\/genove.com\/en\/brands\/\" \/>\n<meta property=\"og:locale\" content=\"en_US\" \/>\n<meta property=\"og:type\" content=\"article\" \/>\n<meta property=\"og:title\" content=\"Brands - Genov\u00e9\" \/>\n<meta property=\"og:description\" content=\"[vc_row][vc_column][vc_column_text css=&#8221;.vc_custom_1648033210927{margin-bottom: 50px !important;}&#8221;] GENOV\u00c9 BRANDS [\/vc_column_text][\/vc_column][\/vc_row][vc_row equal_height=&#8221;yes&#8221; content_placement=&#8221;middle&#8221; el_class=&#8221;banners&#8221;][vc_column width=&#8221;1\/3&#8243;][\/vc_column][vc_column width=&#8221;1\/3&#8243;][\/vc_column][vc_column width=&#8221;1\/3&#8243;][\/vc_column][\/vc_row][vc_row equal_height=&#8221;yes&#8221; content_placement=&#8221;middle&#8221; el_class=&#8221;banners&#8221;][vc_column width=&#8221;1\/3&#8243;][\/vc_column][vc_column width=&#8221;1\/3&#8243;][\/vc_column][vc_column width=&#8221;1\/3&#8243;][\/vc_column][\/vc_row][vc_row equal_height=&#8221;yes&#8221; content_placement=&#8221;middle&#8221; el_class=&#8221;banners&#8221;][vc_column width=&#8221;1\/3&#8243;][\/vc_column][vc_column width=&#8221;1\/3&#8243;][\/vc_column][vc_column width=&#8221;1\/3&#8243;][\/vc_column][\/vc_row][vc_row equal_height=&#8221;yes&#8221; content_placement=&#8221;middle&#8221; el_class=&#8221;banners&#8221;][vc_column width=&#8221;1\/3&#8243;][\/vc_column][vc_column width=&#8221;1\/3&#8243;][\/vc_column][vc_column width=&#8221;1\/3&#8243;][\/vc_column][\/vc_row]\" \/>\n<meta property=\"og:url\" content=\"https:\/\/genove.com\/en\/brands\/\" \/>\n<meta property=\"og:site_name\" content=\"Genov\u00e9\" \/>\n<meta property=\"article:modified_time\" content=\"2023-07-26T07:38:17+00:00\" \/>\n<meta name=\"twitter:card\" content=\"summary_large_image\" \/>\n<meta name=\"twitter:label1\" content=\"Est. reading time\" \/>\n\t<meta name=\"twitter:data1\" content=\"2 minutes\" \/>\n<script type=\"application\/ld+json\" class=\"yoast-schema-graph\">{\"@context\":\"https:\\\/\\\/schema.org\",\"@graph\":[{\"@type\":\"WebPage\",\"@id\":\"https:\\\/\\\/genove.com\\\/en\\\/brands\\\/\",\"url\":\"https:\\\/\\\/genove.com\\\/en\\\/brands\\\/\",\"name\":\"Brands - Genov\u00e9\",\"isPartOf\":{\"@id\":\"https:\\\/\\\/genove.com\\\/en\\\/#website\"},\"datePublished\":\"2022-03-17T18:24:28+00:00\",\"dateModified\":\"2023-07-26T07:38:17+00:00\",\"breadcrumb\":{\"@id\":\"https:\\\/\\\/genove.com\\\/en\\\/brands\\\/#breadcrumb\"},\"inLanguage\":\"en-US\",\"potentialAction\":[{\"@type\":\"ReadAction\",\"target\":[\"https:\\\/\\\/genove.com\\\/en\\\/brands\\\/\"]}]},{\"@type\":\"BreadcrumbList\",\"@id\":\"https:\\\/\\\/genove.com\\\/en\\\/brands\\\/#breadcrumb\",\"itemListElement\":[{\"@type\":\"ListItem\",\"position\":1,\"name\":\"Portada\",\"item\":\"https:\\\/\\\/genove.com\\\/en\\\/\"},{\"@type\":\"ListItem\",\"position\":2,\"name\":\"Brands\"}]},{\"@type\":\"WebSite\",\"@id\":\"https:\\\/\\\/genove.com\\\/en\\\/#website\",\"url\":\"https:\\\/\\\/genove.com\\\/en\\\/\",\"name\":\"Genov\u00e9\",\"description\":\"Laboratorio Genov\u00e9 es una compa\u00f1\u00eda dedicada al desarrollo, producci\u00f3n y comercializaci\u00f3n de productos farmac\u00e9uticos y dermocosm\u00e9ticos.\",\"publisher\":{\"@id\":\"https:\\\/\\\/genove.com\\\/en\\\/#organization\"},\"potentialAction\":[{\"@type\":\"SearchAction\",\"target\":{\"@type\":\"EntryPoint\",\"urlTemplate\":\"https:\\\/\\\/genove.com\\\/en\\\/?s={search_term_string}\"},\"query-input\":{\"@type\":\"PropertyValueSpecification\",\"valueRequired\":true,\"valueName\":\"search_term_string\"}}],\"inLanguage\":\"en-US\"},{\"@type\":\"Organization\",\"@id\":\"https:\\\/\\\/genove.com\\\/en\\\/#organization\",\"name\":\"Genov\u00e9\",\"url\":\"https:\\\/\\\/genove.com\\\/en\\\/\",\"logo\":{\"@type\":\"ImageObject\",\"inLanguage\":\"en-US\",\"@id\":\"https:\\\/\\\/genove.com\\\/en\\\/#\\\/schema\\\/logo\\\/image\\\/\",\"url\":\"https:\\\/\\\/genove.com\\\/wp-content\\\/uploads\\\/2021\\\/12\\\/logo.svg\",\"contentUrl\":\"https:\\\/\\\/genove.com\\\/wp-content\\\/uploads\\\/2021\\\/12\\\/logo.svg\",\"width\":100,\"height\":31,\"caption\":\"Genov\u00e9\"},\"image\":{\"@id\":\"https:\\\/\\\/genove.com\\\/en\\\/#\\\/schema\\\/logo\\\/image\\\/\"}}]}<\/script>\n<!-- \/ Yoast SEO plugin. -->","yoast_head_json":{"title":"Brands - Genov\u00e9","robots":{"index":"index","follow":"follow","max-snippet":"max-snippet:-1","max-image-preview":"max-image-preview:large","max-video-preview":"max-video-preview:-1"},"canonical":"https:\/\/genove.com\/en\/brands\/","og_locale":"en_US","og_type":"article","og_title":"Brands - Genov\u00e9","og_description":"[vc_row][vc_column][vc_column_text css=&#8221;.vc_custom_1648033210927{margin-bottom: 50px !important;}&#8221;] GENOV\u00c9 BRANDS [\/vc_column_text][\/vc_column][\/vc_row][vc_row equal_height=&#8221;yes&#8221; content_placement=&#8221;middle&#8221; el_class=&#8221;banners&#8221;][vc_column width=&#8221;1\/3&#8243;][\/vc_column][vc_column width=&#8221;1\/3&#8243;][\/vc_column][vc_column width=&#8221;1\/3&#8243;][\/vc_column][\/vc_row][vc_row equal_height=&#8221;yes&#8221; content_placement=&#8221;middle&#8221; el_class=&#8221;banners&#8221;][vc_column width=&#8221;1\/3&#8243;][\/vc_column][vc_column width=&#8221;1\/3&#8243;][\/vc_column][vc_column width=&#8221;1\/3&#8243;][\/vc_column][\/vc_row][vc_row equal_height=&#8221;yes&#8221; content_placement=&#8221;middle&#8221; el_class=&#8221;banners&#8221;][vc_column width=&#8221;1\/3&#8243;][\/vc_column][vc_column width=&#8221;1\/3&#8243;][\/vc_column][vc_column width=&#8221;1\/3&#8243;][\/vc_column][\/vc_row][vc_row equal_height=&#8221;yes&#8221; content_placement=&#8221;middle&#8221; el_class=&#8221;banners&#8221;][vc_column width=&#8221;1\/3&#8243;][\/vc_column][vc_column width=&#8221;1\/3&#8243;][\/vc_column][vc_column width=&#8221;1\/3&#8243;][\/vc_column][\/vc_row]","og_url":"https:\/\/genove.com\/en\/brands\/","og_site_name":"Genov\u00e9","article_modified_time":"2023-07-26T07:38:17+00:00","twitter_card":"summary_large_image","twitter_misc":{"Est. reading time":"2 minutes"},"schema":{"@context":"https:\/\/schema.org","@graph":[{"@type":"WebPage","@id":"https:\/\/genove.com\/en\/brands\/","url":"https:\/\/genove.com\/en\/brands\/","name":"Brands - Genov\u00e9","isPartOf":{"@id":"https:\/\/genove.com\/en\/#website"},"datePublished":"2022-03-17T18:24:28+00:00","dateModified":"2023-07-26T07:38:17+00:00","breadcrumb":{"@id":"https:\/\/genove.com\/en\/brands\/#breadcrumb"},"inLanguage":"en-US","potentialAction":[{"@type":"ReadAction","target":["https:\/\/genove.com\/en\/brands\/"]}]},{"@type":"BreadcrumbList","@id":"https:\/\/genove.com\/en\/brands\/#breadcrumb","itemListElement":[{"@type":"ListItem","position":1,"name":"Portada","item":"https:\/\/genove.com\/en\/"},{"@type":"ListItem","position":2,"name":"Brands"}]},{"@type":"WebSite","@id":"https:\/\/genove.com\/en\/#website","url":"https:\/\/genove.com\/en\/","name":"Genov\u00e9","description":"Laboratorio Genov\u00e9 es una compa\u00f1\u00eda dedicada al desarrollo, producci\u00f3n y comercializaci\u00f3n de productos farmac\u00e9uticos y dermocosm\u00e9ticos.","publisher":{"@id":"https:\/\/genove.com\/en\/#organization"},"potentialAction":[{"@type":"SearchAction","target":{"@type":"EntryPoint","urlTemplate":"https:\/\/genove.com\/en\/?s={search_term_string}"},"query-input":{"@type":"PropertyValueSpecification","valueRequired":true,"valueName":"search_term_string"}}],"inLanguage":"en-US"},{"@type":"Organization","@id":"https:\/\/genove.com\/en\/#organization","name":"Genov\u00e9","url":"https:\/\/genove.com\/en\/","logo":{"@type":"ImageObject","inLanguage":"en-US","@id":"https:\/\/genove.com\/en\/#\/schema\/logo\/image\/","url":"https:\/\/genove.com\/wp-content\/uploads\/2021\/12\/logo.svg","contentUrl":"https:\/\/genove.com\/wp-content\/uploads\/2021\/12\/logo.svg","width":100,"height":31,"caption":"Genov\u00e9"},"image":{"@id":"https:\/\/genove.com\/en\/#\/schema\/logo\/image\/"}}]}},"_links":{"self":[{"href":"https:\/\/genove.com\/en\/wp-json\/wp\/v2\/pages\/36098","targetHints":{"allow":["GET"]}}],"collection":[{"href":"https:\/\/genove.com\/en\/wp-json\/wp\/v2\/pages"}],"about":[{"href":"https:\/\/genove.com\/en\/wp-json\/wp\/v2\/types\/page"}],"author":[{"embeddable":true,"href":"https:\/\/genove.com\/en\/wp-json\/wp\/v2\/users\/1"}],"replies":[{"embeddable":true,"href":"https:\/\/genove.com\/en\/wp-json\/wp\/v2\/comments?post=36098"}],"version-history":[{"count":1,"href":"https:\/\/genove.com\/en\/wp-json\/wp\/v2\/pages\/36098\/revisions"}],"predecessor-version":[{"id":36101,"href":"https:\/\/genove.com\/en\/wp-json\/wp\/v2\/pages\/36098\/revisions\/36101"}],"wp:attachment":[{"href":"https:\/\/genove.com\/en\/wp-json\/wp\/v2\/media?parent=36098"}],"curies":[{"name":"wp","href":"https:\/\/api.w.org\/{rel}","templated":true}]}}