{"id":36090,"date":"2022-02-15T13:19:39","date_gmt":"2022-02-15T12:19:39","guid":{"rendered":"https:\/\/genove.com\/about-us\/"},"modified":"2023-07-26T09:38:17","modified_gmt":"2023-07-26T07:38:17","slug":"about-us","status":"publish","type":"page","link":"https:\/\/genove.com\/en\/about-us\/","title":{"rendered":"About us"},"content":{"rendered":"<div class=\"wpb-content-wrapper\"><p>[vc_row bg_type=&#8221;image&#8221; parallax_style=&#8221;vcpb-default&#8221; bg_image_new=&#8221;id^525|url^https:\/\/genove.com\/wp-content\/uploads\/2022\/02\/SOMOS.jpg|caption^null|alt^null|title^SOMOS|description^null&#8221; bg_image_repeat=&#8221;no-repeat&#8221; bg_override=&#8221;full&#8221; el_class=&#8221;cabecera&#8221; css=&#8221;.vc_custom_1644927578028{padding-top: 120px !important;padding-bottom: 150px !important;}&#8221;][vc_column][vc_column_text]<\/p>\n<h1 style=\"text-align: center;\">ABOUT US<\/h1>\n<p>[\/vc_column_text][\/vc_column][\/vc_row][vc_row][vc_column][vc_column_text]<\/p>\n<h2 style=\"text-align: center;\">LABORATORIO <strong>GENOV\u00c9<sup>\u00ae<\/sup><\/strong><\/h2>\n<p>[\/vc_column_text][\/vc_column][\/vc_row][vc_row][vc_column][vc_column_text el_class=&#8221;somos_intro&#8221;]<strong>Laboratorio Genov\u00e9<sup>\u00ae<\/sup>, S.A.<\/strong> is an international pharmaceutical laboratory specializing in dermatology and dedicated to the development, production and sale of pharmaceutical and dermocosmetic products.<br \/>\nLaboratorio Genov\u00e9\u00ae has long-standing history and links to the world of dermatology and continues to work side-by-side with medical specialists.<br \/>\nPart of our mission involves meeting all the needs of patients, doctors and pharmacists by offering a wide range of continuously updated products that meet demands in the best possible way.[\/vc_column_text][\/vc_column][\/vc_row][vc_row css=&#8221;.vc_custom_1644929706334{margin-bottom: 60px !important;}&#8221;][vc_column][vc_single_image image=&#8221;530&#8243; img_size=&#8221;full&#8221; alignment=&#8221;center&#8221;][\/vc_column][\/vc_row][vc_row bg_type=&#8221;image&#8221; parallax_style=&#8221;vcpb-default&#8221; bg_image_new=&#8221;id^533|url^https:\/\/genove.com\/wp-content\/uploads\/2022\/02\/bg.jpg|caption^null|alt^null|title^bg|description^null&#8221; bg_image_repeat=&#8221;no-repeat&#8221; bg_image_size=&#8221;initial&#8221; bg_image_posiiton=&#8221;right top&#8221; bg_override=&#8221;full&#8221; css=&#8221;.vc_custom_1644930088839{margin-bottom: 30px !important;padding-top: 50px !important;padding-bottom: 50px !important;background-color: #f9f9f9 !important;}&#8221; el_class=&#8221;internacional&#8221;][vc_column width=&#8221;5\/6&#8243;][vc_column_text]<\/p>\n<h2><strong>INTERNATIONAL<\/strong> PHARMACEUTICAL LABORATORY SPECIALIZING IN DERMATOLOGY<\/h2>\n<p>Our mission is to position ourselves as an international pharmaceutical laboratory with expertise in alopecia and to be a leader in the world of dermocosmetics, a goal we work towards every day.<\/p>\n<p>We currently operate in more than 30 countries and our international presence continues to grow.[\/vc_column_text][\/vc_column][vc_column width=&#8221;1\/6&#8243;][\/vc_column][\/vc_row][vc_row][vc_column width=&#8221;1\/12&#8243;][\/vc_column][vc_column width=&#8221;10\/12&#8243;][vc_column_text css=&#8221;.vc_custom_1675186931622{margin-bottom: 70px !important;}&#8221;]<\/p>\n<h2 style=\"text-align: center;\">LABORATORIO GENOV\u00c9<sup>\u00ae<\/sup> HAS <strong>DIFFERENT BRANDS<\/strong> TO COVER <strong>DIFFERENT NEEDS<\/strong><\/h2>\n<p>[\/vc_column_text][\/vc_column][vc_column width=&#8221;1\/12&#8243;][\/vc_column][\/vc_row][vc_row][vc_column width=&#8221;1\/12&#8243;][\/vc_column][vc_column width=&#8221;10\/12&#8243;][vc_row_inner content_placement=&#8221;middle&#8221; css=&#8221;.vc_custom_1644931008230{margin-bottom: 30px !important;}&#8221;][vc_column_inner width=&#8221;1\/3&#8243;][vc_single_image image=&#8221;1625&#8243; img_size=&#8221;full&#8221;][\/vc_column_inner][vc_column_inner width=&#8221;2\/3&#8243;][vc_column_text]<strong>Pilopeptan<\/strong> is the brand with expertise in hair care, nails, eyelashes and eyebrows. It specializes in women\u2019s hair health and offers comprehensive solutions that combine nutritional and topical products to address different types of hair loss.[\/vc_column_text][\/vc_column_inner][\/vc_row_inner][vc_row_inner content_placement=&#8221;middle&#8221; el_class=&#8221;swap-on-mobile&#8221; css=&#8221;.vc_custom_1644931013124{margin-bottom: 30px !important;}&#8221;][vc_column_inner width=&#8221;2\/3&#8243;][vc_column_text]<strong>Genosun<\/strong> offers a range of sun protection and after-sun products. It consists of nutritional and topical products with Astaxactive<sup>\u00ae<\/sup> technology and Vitamin E, which helps protect cells against oxidative damage and reduce the appearance of erythema and inflammation of the skin.[\/vc_column_text][\/vc_column_inner][vc_column_inner width=&#8221;1\/3&#8243;][vc_single_image image=&#8221;33407&#8243; img_size=&#8221;full&#8221;][\/vc_column_inner][\/vc_row_inner][vc_row_inner content_placement=&#8221;middle&#8221; css=&#8221;.vc_custom_1644931008230{margin-bottom: 30px !important;}&#8221;][vc_column_inner width=&#8221;1\/3&#8243;][vc_single_image image=&#8221;1627&#8243; img_size=&#8221;full&#8221;][\/vc_column_inner][vc_column_inner width=&#8221;2\/3&#8243;][vc_column_text]<strong>Genocut\u00e1n<\/strong> is the antiseptic hygiene range for daily use thanks to its excellent skin tolerance. It includes a body range with shower gel and soap and a foaming facial cleanser for daily skin cleansing and protection. Recommended for preventing possible bacterial and fungal infections.[\/vc_column_text][\/vc_column_inner][\/vc_row_inner][vc_row_inner content_placement=&#8221;middle&#8221; el_class=&#8221;swap-on-mobile&#8221; css=&#8221;.vc_custom_1644931013124{margin-bottom: 30px !important;}&#8221;][vc_column_inner width=&#8221;2\/3&#8243;][vc_column_text]<strong>Fluidbase Rederm<\/strong> is the comprehensive solution for preventing and reversing the signs of skin aging through dermal restructuring of the skin. The combined action of the nutritional supplement plus AHAs and topical retinol promotes collagen and elastin synthesis for younger-looking skin.[\/vc_column_text][\/vc_column_inner][vc_column_inner width=&#8221;1\/3&#8243;][vc_single_image image=&#8221;559&#8243; img_size=&#8221;full&#8221;][\/vc_column_inner][\/vc_row_inner][vc_row_inner content_placement=&#8221;middle&#8221; css=&#8221;.vc_custom_1644931008230{margin-bottom: 30px !important;}&#8221;][vc_column_inner width=&#8221;1\/3&#8243;][vc_single_image image=&#8221;560&#8243; img_size=&#8221;full&#8221;][\/vc_column_inner][vc_column_inner width=&#8221;2\/3&#8243;][vc_column_text]<strong>Noxzema<\/strong> is the number-one shaving brand in pharmacies, specially formulated to care for men\u2019s skin and soothe the stinging and irritation caused by shaving. A different foam for every skin type.[\/vc_column_text][\/vc_column_inner][\/vc_row_inner][vc_row_inner content_placement=&#8221;middle&#8221; el_class=&#8221;swap-on-mobile&#8221; css=&#8221;.vc_custom_1644931013124{margin-bottom: 30px !important;}&#8221;][vc_column_inner width=&#8221;2\/3&#8243;][vc_column_text]<strong>Genocure<\/strong> is the range of products for simple first aid and management of contact dermatitis. It includes skin care accessories such as cotton and nitrile gloves, gauzes and bandages and dermatological sponges for personal hygiene.[\/vc_column_text][\/vc_column_inner][vc_column_inner width=&#8221;1\/3&#8243;][vc_single_image image=&#8221;33409&#8243; img_size=&#8221;full&#8221;][\/vc_column_inner][\/vc_row_inner][\/vc_column][vc_column width=&#8221;1\/12&#8243;][\/vc_column][\/vc_row]<\/p>\n<\/div>","protected":false},"excerpt":{"rendered":"<p>[vc_row bg_type=&#8221;image&#8221; parallax_style=&#8221;vcpb-default&#8221; bg_image_new=&#8221;id^525|url^https:\/\/genove.com\/wp-content\/uploads\/2022\/02\/SOMOS.jpg|caption^null|alt^null|title^SOMOS|description^null&#8221; bg_image_repeat=&#8221;no-repeat&#8221; bg_override=&#8221;full&#8221; el_class=&#8221;cabecera&#8221; css=&#8221;.vc_custom_1644927578028{padding-top: 120px !important;padding-bottom: 150px !important;}&#8221;][vc_column][vc_column_text] ABOUT US [\/vc_column_text][\/vc_column][\/vc_row][vc_row][vc_column][vc_column_text] LABORATORIO GENOV\u00c9\u00ae [\/vc_column_text][\/vc_column][\/vc_row][vc_row][vc_column][vc_column_text el_class=&#8221;somos_intro&#8221;]Laboratorio Genov\u00e9\u00ae, S.A. is an international pharmaceutical laboratory specializing in dermatology and dedicated to the development, production and sale of pharmaceutical and dermocosmetic products. Laboratorio Genov\u00e9\u00ae has long-standing history and links to the world of dermatology and&hellip;<\/p>\n","protected":false},"author":1,"featured_media":0,"parent":0,"menu_order":0,"comment_status":"closed","ping_status":"closed","template":"","meta":{"inline_featured_image":false,"footnotes":""},"class_list":["post-36090","page","type-page","status-publish","hentry","description-off"],"yoast_head":"<!-- This site is optimized with the Yoast SEO plugin v27.3 - https:\/\/yoast.com\/product\/yoast-seo-wordpress\/ -->\n<title>About us - Genov\u00e9<\/title>\n<meta name=\"robots\" content=\"index, follow, max-snippet:-1, max-image-preview:large, max-video-preview:-1\" \/>\n<link rel=\"canonical\" href=\"https:\/\/genove.com\/en\/about-us\/\" \/>\n<meta property=\"og:locale\" content=\"en_US\" \/>\n<meta property=\"og:type\" content=\"article\" \/>\n<meta property=\"og:title\" content=\"About us - Genov\u00e9\" \/>\n<meta property=\"og:description\" content=\"[vc_row bg_type=&#8221;image&#8221; parallax_style=&#8221;vcpb-default&#8221; bg_image_new=&#8221;id^525|url^https:\/\/genove.com\/wp-content\/uploads\/2022\/02\/SOMOS.jpg|caption^null|alt^null|title^SOMOS|description^null&#8221; bg_image_repeat=&#8221;no-repeat&#8221; bg_override=&#8221;full&#8221; el_class=&#8221;cabecera&#8221; css=&#8221;.vc_custom_1644927578028{padding-top: 120px !important;padding-bottom: 150px !important;}&#8221;][vc_column][vc_column_text] ABOUT US [\/vc_column_text][\/vc_column][\/vc_row][vc_row][vc_column][vc_column_text] LABORATORIO GENOV\u00c9\u00ae [\/vc_column_text][\/vc_column][\/vc_row][vc_row][vc_column][vc_column_text el_class=&#8221;somos_intro&#8221;]Laboratorio Genov\u00e9\u00ae, S.A. is an international pharmaceutical laboratory specializing in dermatology and dedicated to the development, production and sale of pharmaceutical and dermocosmetic products. Laboratorio Genov\u00e9\u00ae has long-standing history and links to the world of dermatology and&hellip;\" \/>\n<meta property=\"og:url\" content=\"https:\/\/genove.com\/en\/about-us\/\" \/>\n<meta property=\"og:site_name\" content=\"Genov\u00e9\" \/>\n<meta property=\"article:modified_time\" content=\"2023-07-26T07:38:17+00:00\" \/>\n<meta name=\"twitter:card\" content=\"summary_large_image\" \/>\n<meta name=\"twitter:label1\" content=\"Est. reading time\" \/>\n\t<meta name=\"twitter:data1\" content=\"4 minutes\" \/>\n<script type=\"application\/ld+json\" class=\"yoast-schema-graph\">{\"@context\":\"https:\\\/\\\/schema.org\",\"@graph\":[{\"@type\":\"WebPage\",\"@id\":\"https:\\\/\\\/genove.com\\\/en\\\/about-us\\\/\",\"url\":\"https:\\\/\\\/genove.com\\\/en\\\/about-us\\\/\",\"name\":\"About us - Genov\u00e9\",\"isPartOf\":{\"@id\":\"https:\\\/\\\/genove.com\\\/en\\\/#website\"},\"datePublished\":\"2022-02-15T12:19:39+00:00\",\"dateModified\":\"2023-07-26T07:38:17+00:00\",\"breadcrumb\":{\"@id\":\"https:\\\/\\\/genove.com\\\/en\\\/about-us\\\/#breadcrumb\"},\"inLanguage\":\"en-US\",\"potentialAction\":[{\"@type\":\"ReadAction\",\"target\":[\"https:\\\/\\\/genove.com\\\/en\\\/about-us\\\/\"]}]},{\"@type\":\"BreadcrumbList\",\"@id\":\"https:\\\/\\\/genove.com\\\/en\\\/about-us\\\/#breadcrumb\",\"itemListElement\":[{\"@type\":\"ListItem\",\"position\":1,\"name\":\"Portada\",\"item\":\"https:\\\/\\\/genove.com\\\/en\\\/\"},{\"@type\":\"ListItem\",\"position\":2,\"name\":\"About us\"}]},{\"@type\":\"WebSite\",\"@id\":\"https:\\\/\\\/genove.com\\\/en\\\/#website\",\"url\":\"https:\\\/\\\/genove.com\\\/en\\\/\",\"name\":\"Genov\u00e9\",\"description\":\"Laboratorio Genov\u00e9 es una compa\u00f1\u00eda dedicada al desarrollo, producci\u00f3n y comercializaci\u00f3n de productos farmac\u00e9uticos y dermocosm\u00e9ticos.\",\"publisher\":{\"@id\":\"https:\\\/\\\/genove.com\\\/en\\\/#organization\"},\"potentialAction\":[{\"@type\":\"SearchAction\",\"target\":{\"@type\":\"EntryPoint\",\"urlTemplate\":\"https:\\\/\\\/genove.com\\\/en\\\/?s={search_term_string}\"},\"query-input\":{\"@type\":\"PropertyValueSpecification\",\"valueRequired\":true,\"valueName\":\"search_term_string\"}}],\"inLanguage\":\"en-US\"},{\"@type\":\"Organization\",\"@id\":\"https:\\\/\\\/genove.com\\\/en\\\/#organization\",\"name\":\"Genov\u00e9\",\"url\":\"https:\\\/\\\/genove.com\\\/en\\\/\",\"logo\":{\"@type\":\"ImageObject\",\"inLanguage\":\"en-US\",\"@id\":\"https:\\\/\\\/genove.com\\\/en\\\/#\\\/schema\\\/logo\\\/image\\\/\",\"url\":\"https:\\\/\\\/genove.com\\\/wp-content\\\/uploads\\\/2021\\\/12\\\/logo.svg\",\"contentUrl\":\"https:\\\/\\\/genove.com\\\/wp-content\\\/uploads\\\/2021\\\/12\\\/logo.svg\",\"width\":100,\"height\":31,\"caption\":\"Genov\u00e9\"},\"image\":{\"@id\":\"https:\\\/\\\/genove.com\\\/en\\\/#\\\/schema\\\/logo\\\/image\\\/\"}}]}<\/script>\n<!-- \/ Yoast SEO plugin. -->","yoast_head_json":{"title":"About us - Genov\u00e9","robots":{"index":"index","follow":"follow","max-snippet":"max-snippet:-1","max-image-preview":"max-image-preview:large","max-video-preview":"max-video-preview:-1"},"canonical":"https:\/\/genove.com\/en\/about-us\/","og_locale":"en_US","og_type":"article","og_title":"About us - Genov\u00e9","og_description":"[vc_row bg_type=&#8221;image&#8221; parallax_style=&#8221;vcpb-default&#8221; bg_image_new=&#8221;id^525|url^https:\/\/genove.com\/wp-content\/uploads\/2022\/02\/SOMOS.jpg|caption^null|alt^null|title^SOMOS|description^null&#8221; bg_image_repeat=&#8221;no-repeat&#8221; bg_override=&#8221;full&#8221; el_class=&#8221;cabecera&#8221; css=&#8221;.vc_custom_1644927578028{padding-top: 120px !important;padding-bottom: 150px !important;}&#8221;][vc_column][vc_column_text] ABOUT US [\/vc_column_text][\/vc_column][\/vc_row][vc_row][vc_column][vc_column_text] LABORATORIO GENOV\u00c9\u00ae [\/vc_column_text][\/vc_column][\/vc_row][vc_row][vc_column][vc_column_text el_class=&#8221;somos_intro&#8221;]Laboratorio Genov\u00e9\u00ae, S.A. is an international pharmaceutical laboratory specializing in dermatology and dedicated to the development, production and sale of pharmaceutical and dermocosmetic products. Laboratorio Genov\u00e9\u00ae has long-standing history and links to the world of dermatology and&hellip;","og_url":"https:\/\/genove.com\/en\/about-us\/","og_site_name":"Genov\u00e9","article_modified_time":"2023-07-26T07:38:17+00:00","twitter_card":"summary_large_image","twitter_misc":{"Est. reading time":"4 minutes"},"schema":{"@context":"https:\/\/schema.org","@graph":[{"@type":"WebPage","@id":"https:\/\/genove.com\/en\/about-us\/","url":"https:\/\/genove.com\/en\/about-us\/","name":"About us - Genov\u00e9","isPartOf":{"@id":"https:\/\/genove.com\/en\/#website"},"datePublished":"2022-02-15T12:19:39+00:00","dateModified":"2023-07-26T07:38:17+00:00","breadcrumb":{"@id":"https:\/\/genove.com\/en\/about-us\/#breadcrumb"},"inLanguage":"en-US","potentialAction":[{"@type":"ReadAction","target":["https:\/\/genove.com\/en\/about-us\/"]}]},{"@type":"BreadcrumbList","@id":"https:\/\/genove.com\/en\/about-us\/#breadcrumb","itemListElement":[{"@type":"ListItem","position":1,"name":"Portada","item":"https:\/\/genove.com\/en\/"},{"@type":"ListItem","position":2,"name":"About us"}]},{"@type":"WebSite","@id":"https:\/\/genove.com\/en\/#website","url":"https:\/\/genove.com\/en\/","name":"Genov\u00e9","description":"Laboratorio Genov\u00e9 es una compa\u00f1\u00eda dedicada al desarrollo, producci\u00f3n y comercializaci\u00f3n de productos farmac\u00e9uticos y dermocosm\u00e9ticos.","publisher":{"@id":"https:\/\/genove.com\/en\/#organization"},"potentialAction":[{"@type":"SearchAction","target":{"@type":"EntryPoint","urlTemplate":"https:\/\/genove.com\/en\/?s={search_term_string}"},"query-input":{"@type":"PropertyValueSpecification","valueRequired":true,"valueName":"search_term_string"}}],"inLanguage":"en-US"},{"@type":"Organization","@id":"https:\/\/genove.com\/en\/#organization","name":"Genov\u00e9","url":"https:\/\/genove.com\/en\/","logo":{"@type":"ImageObject","inLanguage":"en-US","@id":"https:\/\/genove.com\/en\/#\/schema\/logo\/image\/","url":"https:\/\/genove.com\/wp-content\/uploads\/2021\/12\/logo.svg","contentUrl":"https:\/\/genove.com\/wp-content\/uploads\/2021\/12\/logo.svg","width":100,"height":31,"caption":"Genov\u00e9"},"image":{"@id":"https:\/\/genove.com\/en\/#\/schema\/logo\/image\/"}}]}},"_links":{"self":[{"href":"https:\/\/genove.com\/en\/wp-json\/wp\/v2\/pages\/36090","targetHints":{"allow":["GET"]}}],"collection":[{"href":"https:\/\/genove.com\/en\/wp-json\/wp\/v2\/pages"}],"about":[{"href":"https:\/\/genove.com\/en\/wp-json\/wp\/v2\/types\/page"}],"author":[{"embeddable":true,"href":"https:\/\/genove.com\/en\/wp-json\/wp\/v2\/users\/1"}],"replies":[{"embeddable":true,"href":"https:\/\/genove.com\/en\/wp-json\/wp\/v2\/comments?post=36090"}],"version-history":[{"count":1,"href":"https:\/\/genove.com\/en\/wp-json\/wp\/v2\/pages\/36090\/revisions"}],"predecessor-version":[{"id":36093,"href":"https:\/\/genove.com\/en\/wp-json\/wp\/v2\/pages\/36090\/revisions\/36093"}],"wp:attachment":[{"href":"https:\/\/genove.com\/en\/wp-json\/wp\/v2\/media?parent=36090"}],"curies":[{"name":"wp","href":"https:\/\/api.w.org\/{rel}","templated":true}]}}