{"id":36086,"date":"2022-02-15T11:56:10","date_gmt":"2022-02-15T10:56:10","guid":{"rendered":"https:\/\/genove.com\/our-story\/"},"modified":"2023-07-26T09:38:17","modified_gmt":"2023-07-26T07:38:17","slug":"our-story","status":"publish","type":"page","link":"https:\/\/genove.com\/en\/our-story\/","title":{"rendered":"Our story"},"content":{"rendered":"<div class=\"wpb-content-wrapper\"><p>[vc_row bg_type=&#8221;image&#8221; parallax_style=&#8221;vcpb-default&#8221; bg_image_new=&#8221;id^516|url^https:\/\/genove.com\/wp-content\/uploads\/2022\/02\/historia.jpg|caption^null|alt^null|title^historia|description^null&#8221; bg_image_repeat=&#8221;no-repeat&#8221; bg_override=&#8221;full&#8221; el_class=&#8221;cabecera&#8221; css=&#8221;.vc_custom_1644926334250{padding-top: 120px !important;padding-bottom: 150px !important;}&#8221;][vc_column][vc_column_text]<\/p>\n<h1 style=\"text-align: center;\">OUR STORY<\/h1>\n<p>[\/vc_column_text][\/vc_column][\/vc_row][vc_row][vc_column css_animation=&#8221;fadeInUp&#8221;][vc_single_image image=&#8221;520&#8243; img_size=&#8221;full&#8221; alignment=&#8221;center&#8221; el_class=&#8221;logo_historia&#8221;]<div class=\"smile-icon-timeline-wrap csstime   \"     style=\"\"><div class=\"timeline-line \" style=\"border-right-color:rgba(131,139,141,0.34);\"><span><\/span><\/div><div class=\"timeline-wrapper\"><div class=\"timeline-block \"><div class=\"timeline-dot\"><\/div><div class=\"ult-timeline-arrow\"><s><\/s><l><\/l><\/div><div class=\"timeline-icon-block\"><div class=\"ult-timeline-icon tl-icon-no-bg\" style=\"   \"><\/div> <!-- icon --><\/div><div class=\"timeline-header-block\" >\n\t\t\t\t\t\t\t<div id=\"timeline-item-9733\" class=\"timeline-header\" style=\"\"><h3 class=\"ult-timeline-title ult-responsive\"  data-ultimate-target='#timeline-item-9733 .ult-timeline-title'  data-responsive-json-new='{\"font-size\":\"\",\"line-height\":\"\"}'  style=\"\">1898<\/h3><div class=\"ult-responsive timeline-item-spt\"  data-ultimate-target='#timeline-item-9733 .timeline-item-spt'  data-responsive-json-new='{\"font-size\":\"\",\"line-height\":\"\"}'  style=\"\"><img loading=\"lazy\" decoding=\"async\" class=\"size-full wp-image-496 alignleft\" src=\"https:\/\/genove.com\/wp-content\/uploads\/2022\/02\/t1.jpg\" alt=\"Farmacia del Doctor Genov\u00e9\" width=\"168\" height=\"239\" \/><\/p>\n<p style=\"text-align: left;\">In the late 19th century (1898), Laboratorio Genov\u00e9<sup>\u00ae<\/sup>, S.A. started its activities in Dr. Genov\u00e9\u2019s well-known pharmacy, situated in Rambla de les Flors in Barcelona.<\/p>\n<p><\/div><\/div> <!-- header --><\/div><\/div><div class=\"timeline-block \"><div class=\"timeline-dot\"><\/div><div class=\"ult-timeline-arrow\"><s><\/s><l><\/l><\/div><div class=\"timeline-icon-block\"><div class=\"ult-timeline-icon tl-icon-no-bg\" style=\"   \"><\/div> <!-- icon --><\/div><div class=\"timeline-header-block\" >\n\t\t\t\t\t\t\t<div id=\"timeline-item-4691\" class=\"timeline-header\" style=\"\"><h3 class=\"ult-timeline-title ult-responsive\"  data-ultimate-target='#timeline-item-4691 .ult-timeline-title'  data-responsive-json-new='{\"font-size\":\"\",\"line-height\":\"\"}'  style=\"\">Early Years<\/h3><div class=\"ult-responsive timeline-item-spt\"  data-ultimate-target='#timeline-item-4691 .timeline-item-spt'  data-responsive-json-new='{\"font-size\":\"\",\"line-height\":\"\"}'  style=\"\"><img loading=\"lazy\" decoding=\"async\" class=\"alignnone wp-image-504 size-full aligncenter\" src=\"https:\/\/genove.com\/wp-content\/uploads\/2022\/02\/t2.jpg\" alt=\"Especialidades farmac\u00e9uticas de elaboraci\u00f3n propia\" width=\"381\" height=\"214\" \/><\/p>\n<p style=\"text-align: center;\">For many years, Farmacia Genov\u00e9 offered its own pharmaceutical products, such as its famous Phosphorous Drops or Polyvalent Ferments, and the first relations between Genov\u00e9 and Spanish dermatologists were established.<\/p>\n<p><\/div><\/div> <!-- header --><\/div><\/div><div class=\"timeline-block \"><div class=\"timeline-dot\"><\/div><div class=\"ult-timeline-arrow\"><s><\/s><l><\/l><\/div><div class=\"timeline-icon-block\"><div class=\"ult-timeline-icon tl-icon-no-bg\" style=\"   \"><\/div> <!-- icon --><\/div><div class=\"timeline-header-block\" >\n\t\t\t\t\t\t\t<div id=\"timeline-item-7802\" class=\"timeline-header\" style=\"\"><h3 class=\"ult-timeline-title ult-responsive\"  data-ultimate-target='#timeline-item-7802 .ult-timeline-title'  data-responsive-json-new='{\"font-size\":\"\",\"line-height\":\"\"}'  style=\"\">1911<\/h3><div class=\"ult-responsive timeline-item-spt\"  data-ultimate-target='#timeline-item-7802 .timeline-item-spt'  data-responsive-json-new='{\"font-size\":\"\",\"line-height\":\"\"}'  style=\"\"><img loading=\"lazy\" decoding=\"async\" class=\"wp-image-506 size-full alignleft\" src=\"https:\/\/genove.com\/wp-content\/uploads\/2022\/02\/t3.jpg\" alt=\"Casa del Doctor Genov\u00e9\" width=\"172\" height=\"233\" \/><\/p>\n<p style=\"text-align: left;\">Dr. Genov\u00e9\u2019s house is a modernist building situated at number 77 on the Rambla in Barcelona and was commissioned by Dr. Genov\u00e9 himself to be used as both a pharmacy and a laboratory. It was designed in 1911 by the architect Enric Sagnier i Villavechia.<\/p>\n<p><\/div><\/div> <!-- header --><\/div><\/div><div class=\"timeline-block \"><div class=\"timeline-dot\"><\/div><div class=\"ult-timeline-arrow\"><s><\/s><l><\/l><\/div><div class=\"timeline-icon-block\"><div class=\"ult-timeline-icon tl-icon-no-bg\" style=\"   \"><\/div> <!-- icon --><\/div><div class=\"timeline-header-block\" >\n\t\t\t\t\t\t\t<div id=\"timeline-item-1263\" class=\"timeline-header\" style=\"\"><h3 class=\"ult-timeline-title ult-responsive\"  data-ultimate-target='#timeline-item-1263 .ult-timeline-title'  data-responsive-json-new='{\"font-size\":\"\",\"line-height\":\"\"}'  style=\"\">Dr. Genov\u00e9<\/h3><div class=\"ult-responsive timeline-item-spt\"  data-ultimate-target='#timeline-item-1263 .timeline-item-spt'  data-responsive-json-new='{\"font-size\":\"\",\"line-height\":\"\"}'  style=\"\"><img loading=\"lazy\" decoding=\"async\" class=\"wp-image-507 size-full alignleft\" src=\"https:\/\/genove.com\/wp-content\/uploads\/2022\/02\/t4.jpg\" alt=\"F\u00f3rmulas farmac\u00e9uticas\" width=\"185\" height=\"263\" \/><\/p>\n<p style=\"text-align: left;\">At first, he diversified and used the building not only as a pharmacy, but also as a laboratory and pharmaceutical wholesaler, where pharmaceutical formulas were developed and had a widespread impact on the Spanish pharmacopoeia.<br \/>\nSubsequently, he started producing dermatological formulations for <strong>hygiene, cosmetics, hair and sun protection<\/strong>.<\/p>\n<p><\/div><\/div> <!-- header --><\/div><\/div><div class=\"timeline-block \"><div class=\"timeline-dot\"><\/div><div class=\"ult-timeline-arrow\"><s><\/s><l><\/l><\/div><div class=\"timeline-icon-block\"><div class=\"ult-timeline-icon tl-icon-no-bg\" style=\"   \"><\/div> <!-- icon --><\/div><div class=\"timeline-header-block\" >\n\t\t\t\t\t\t\t<div id=\"timeline-item-1086\" class=\"timeline-header\" style=\"\"><h3 class=\"ult-timeline-title ult-responsive\"  data-ultimate-target='#timeline-item-1086 .ult-timeline-title'  data-responsive-json-new='{\"font-size\":\"\",\"line-height\":\"\"}'  style=\"\">Its Pharmaceutical Products<\/h3><div class=\"ult-responsive timeline-item-spt\"  data-ultimate-target='#timeline-item-1086 .timeline-item-spt'  data-responsive-json-new='{\"font-size\":\"\",\"line-height\":\"\"}'  style=\"\"><img loading=\"lazy\" decoding=\"async\" class=\"wp-image-508 size-full alignleft\" src=\"https:\/\/genove.com\/wp-content\/uploads\/2022\/02\/t5.jpg\" alt=\"VEGETALIN\" width=\"174\" height=\"239\" \/><\/p>\n<p style=\"text-align: left;\">He created a commercial structure for the promotion and sale of mainly dermatological medical equipment such as cryosurgery, radiosurgery, dermatological lasers, PUVA therapy, imaging equipment for early diagnosis of skin cancer, hydration, corneometry and sebometry, and in doing so amassed a great deal of knowledge about the concerns of dermatologists worldwide.<\/p>\n<p><\/div><\/div> <!-- header --><\/div><\/div><div class=\"timeline-block \"><div class=\"timeline-dot\"><\/div><div class=\"ult-timeline-arrow\"><s><\/s><l><\/l><\/div><div class=\"timeline-icon-block\"><div class=\"ult-timeline-icon tl-icon-no-bg\" style=\"   \"><\/div> <!-- icon --><\/div><div class=\"timeline-header-block\" >\n\t\t\t\t\t\t\t<div id=\"timeline-item-2688\" class=\"timeline-header\" style=\"\"><h3 class=\"ult-timeline-title ult-responsive\"  data-ultimate-target='#timeline-item-2688 .ult-timeline-title'  data-responsive-json-new='{\"font-size\":\"\",\"line-height\":\"\"}'  style=\"\">Growth and Experience<\/h3><div class=\"ult-responsive timeline-item-spt\"  data-ultimate-target='#timeline-item-2688 .timeline-item-spt'  data-responsive-json-new='{\"font-size\":\"\",\"line-height\":\"\"}'  style=\"\"><img loading=\"lazy\" decoding=\"async\" class=\"wp-image-509 size-full alignleft\" src=\"https:\/\/genove.com\/wp-content\/uploads\/2022\/02\/t6.jpg\" alt=\"Laboratorio Fimolina Hansen\" width=\"216\" height=\"233\" \/><\/p>\n<p style=\"text-align: left;\">Laboratorio Genov\u00e9\u00ae took over Laboratorio Fimolina Hansen, and added products such as Vegetalin and Agua de Rosas to its portfolio.<\/p>\n<p><\/div><\/div> <!-- header --><\/div><\/div><div class=\"timeline-block \"><div class=\"timeline-dot\"><\/div><div class=\"ult-timeline-arrow\"><s><\/s><l><\/l><\/div><div class=\"timeline-icon-block\"><div class=\"ult-timeline-icon tl-icon-no-bg\" style=\"   \"><\/div> <!-- icon --><\/div><div class=\"timeline-header-block\" >\n\t\t\t\t\t\t\t<div id=\"timeline-item-5801\" class=\"timeline-header\" style=\"\"><h3 class=\"ult-timeline-title ult-responsive\"  data-ultimate-target='#timeline-item-5801 .ult-timeline-title'  data-responsive-json-new='{\"font-size\":\"\",\"line-height\":\"\"}'  style=\"\">2012<\/h3><div class=\"ult-responsive timeline-item-spt\"  data-ultimate-target='#timeline-item-5801 .timeline-item-spt'  data-responsive-json-new='{\"font-size\":\"\",\"line-height\":\"\"}'  style=\"\"><img loading=\"lazy\" decoding=\"async\" class=\"alignnone wp-image-510 size-full aligncenter\" src=\"https:\/\/genove.com\/wp-content\/uploads\/2022\/02\/t7.jpg\" alt=\"AC Marca\" width=\"268\" height=\"182\" \/><\/p>\n<p style=\"text-align: center;\">Over the years, Laboratorio Genov\u00e9<sup>\u00ae<\/sup> continued to specialize in dermatology, achieving great <strong>national<\/strong> and <strong>international<\/strong> renown.<\/p>\n<p style=\"text-align: center;\">In 2012, <strong>Laboratorio Genov\u00e9<sup>\u00ae<\/sup><\/strong> became part of the <strong>AC Marca<\/strong> group.<\/p>\n<p><\/div><\/div> <!-- header --><\/div><\/div><\/div><div class=\"timeline-feature-item feat-item  \"><div class=\"feat-dot \"><div class=\"timeline-dot\"><\/div><\/div><div class=\"ult-timeline-arrow \"><s><\/s><l><\/l><\/div><div class=\"timeline-icon-block\"><div class=\"ult-timeline-icon tl-icon-no-bg\" style=\"   \"><\/div> <!-- icon --><\/div><div class=\"timeline-header-block\" >\n\t\t\t\t\t\t\t<div class=\"timeline-header\" id=\"timeline-featured-1317\"  style=\"\"><h3\n\t\t\t class=\"ult-timeline-title ult-responsive\"   data-ultimate-target='#timeline-featured-1317 .ult-timeline-title'  data-responsive-json-new='{\"font-size\":\"\",\"line-height\":\"\"}'  style=\"\">2023<\/h3><div class=\"ult-responsive custom-lht\"  data-ultimate-target='#timeline-featured-1317 .custom-lht'  data-responsive-json-new='{\"font-size\":\"\",\"line-height\":\"\"}'  style=\"\"><img loading=\"lazy\" decoding=\"async\" class=\"wp-image-511 size-full aligncenter\" src=\"https:\/\/genove.com\/wp-content\/uploads\/2022\/02\/t8.jpg\" alt=\"Genov\u00e9\" width=\"378\" height=\"117\" \/><\/p>\n<p style=\"text-align: center;\">Nowadays, after more than a century in business, Laboratorio Genov\u00e9<sup>\u00ae<\/sup> continues to represent an important reality in the world of dermatology, both in Spain and abroad, creating <strong>high-quality innovative pharmaceutical<\/strong> solutions endorsed by dermatologists to improve <strong>our patients\u2019 quality of life<\/strong>.<\/p>\n<p><\/div><\/div> <!-- header --><\/div><\/div><div class=\"timeline-wrapper \"><\/div><\/div>[\/vc_column][\/vc_row]<\/p>\n<\/div>","protected":false},"excerpt":{"rendered":"<p>[vc_row bg_type=&#8221;image&#8221; parallax_style=&#8221;vcpb-default&#8221; bg_image_new=&#8221;id^516|url^https:\/\/genove.com\/wp-content\/uploads\/2022\/02\/historia.jpg|caption^null|alt^null|title^historia|description^null&#8221; bg_image_repeat=&#8221;no-repeat&#8221; bg_override=&#8221;full&#8221; el_class=&#8221;cabecera&#8221; css=&#8221;.vc_custom_1644926334250{padding-top: 120px !important;padding-bottom: 150px !important;}&#8221;][vc_column][vc_column_text] OUR STORY [\/vc_column_text][\/vc_column][\/vc_row][vc_row][vc_column css_animation=&#8221;fadeInUp&#8221;][vc_single_image image=&#8221;520&#8243; img_size=&#8221;full&#8221; alignment=&#8221;center&#8221; el_class=&#8221;logo_historia&#8221;][\/vc_column][\/vc_row]<\/p>\n","protected":false},"author":1,"featured_media":0,"parent":0,"menu_order":0,"comment_status":"closed","ping_status":"closed","template":"","meta":{"inline_featured_image":false,"footnotes":""},"class_list":["post-36086","page","type-page","status-publish","hentry","description-off"],"yoast_head":"<!-- This site is optimized with the Yoast SEO plugin v27.3 - https:\/\/yoast.com\/product\/yoast-seo-wordpress\/ -->\n<title>Our story - Genov\u00e9<\/title>\n<meta name=\"robots\" content=\"index, follow, max-snippet:-1, max-image-preview:large, max-video-preview:-1\" \/>\n<link rel=\"canonical\" href=\"https:\/\/genove.com\/en\/our-story\/\" \/>\n<meta property=\"og:locale\" content=\"en_US\" \/>\n<meta property=\"og:type\" content=\"article\" \/>\n<meta property=\"og:title\" content=\"Our story - Genov\u00e9\" \/>\n<meta property=\"og:description\" content=\"[vc_row bg_type=&#8221;image&#8221; parallax_style=&#8221;vcpb-default&#8221; bg_image_new=&#8221;id^516|url^https:\/\/genove.com\/wp-content\/uploads\/2022\/02\/historia.jpg|caption^null|alt^null|title^historia|description^null&#8221; bg_image_repeat=&#8221;no-repeat&#8221; bg_override=&#8221;full&#8221; el_class=&#8221;cabecera&#8221; css=&#8221;.vc_custom_1644926334250{padding-top: 120px !important;padding-bottom: 150px !important;}&#8221;][vc_column][vc_column_text] OUR STORY [\/vc_column_text][\/vc_column][\/vc_row][vc_row][vc_column css_animation=&#8221;fadeInUp&#8221;][vc_single_image image=&#8221;520&#8243; img_size=&#8221;full&#8221; alignment=&#8221;center&#8221; el_class=&#8221;logo_historia&#8221;][\/vc_column][\/vc_row]\" \/>\n<meta property=\"og:url\" content=\"https:\/\/genove.com\/en\/our-story\/\" \/>\n<meta property=\"og:site_name\" content=\"Genov\u00e9\" \/>\n<meta property=\"article:modified_time\" content=\"2023-07-26T07:38:17+00:00\" \/>\n<meta property=\"og:image\" content=\"https:\/\/genove.com\/wp-content\/uploads\/2022\/02\/t1.jpg\" \/>\n<meta name=\"twitter:card\" content=\"summary_large_image\" \/>\n<meta name=\"twitter:label1\" content=\"Est. reading time\" \/>\n\t<meta name=\"twitter:data1\" content=\"2 minutes\" \/>\n<script type=\"application\/ld+json\" class=\"yoast-schema-graph\">{\"@context\":\"https:\\\/\\\/schema.org\",\"@graph\":[{\"@type\":\"WebPage\",\"@id\":\"https:\\\/\\\/genove.com\\\/en\\\/our-story\\\/\",\"url\":\"https:\\\/\\\/genove.com\\\/en\\\/our-story\\\/\",\"name\":\"Our story - Genov\u00e9\",\"isPartOf\":{\"@id\":\"https:\\\/\\\/genove.com\\\/en\\\/#website\"},\"primaryImageOfPage\":{\"@id\":\"https:\\\/\\\/genove.com\\\/en\\\/our-story\\\/#primaryimage\"},\"image\":{\"@id\":\"https:\\\/\\\/genove.com\\\/en\\\/our-story\\\/#primaryimage\"},\"thumbnailUrl\":\"https:\\\/\\\/genove.com\\\/wp-content\\\/uploads\\\/2022\\\/02\\\/t1.jpg\",\"datePublished\":\"2022-02-15T10:56:10+00:00\",\"dateModified\":\"2023-07-26T07:38:17+00:00\",\"breadcrumb\":{\"@id\":\"https:\\\/\\\/genove.com\\\/en\\\/our-story\\\/#breadcrumb\"},\"inLanguage\":\"en-US\",\"potentialAction\":[{\"@type\":\"ReadAction\",\"target\":[\"https:\\\/\\\/genove.com\\\/en\\\/our-story\\\/\"]}]},{\"@type\":\"ImageObject\",\"inLanguage\":\"en-US\",\"@id\":\"https:\\\/\\\/genove.com\\\/en\\\/our-story\\\/#primaryimage\",\"url\":\"https:\\\/\\\/genove.com\\\/wp-content\\\/uploads\\\/2022\\\/02\\\/t1.jpg\",\"contentUrl\":\"https:\\\/\\\/genove.com\\\/wp-content\\\/uploads\\\/2022\\\/02\\\/t1.jpg\"},{\"@type\":\"BreadcrumbList\",\"@id\":\"https:\\\/\\\/genove.com\\\/en\\\/our-story\\\/#breadcrumb\",\"itemListElement\":[{\"@type\":\"ListItem\",\"position\":1,\"name\":\"Portada\",\"item\":\"https:\\\/\\\/genove.com\\\/en\\\/\"},{\"@type\":\"ListItem\",\"position\":2,\"name\":\"Our story\"}]},{\"@type\":\"WebSite\",\"@id\":\"https:\\\/\\\/genove.com\\\/en\\\/#website\",\"url\":\"https:\\\/\\\/genove.com\\\/en\\\/\",\"name\":\"Genov\u00e9\",\"description\":\"Laboratorio Genov\u00e9 es una compa\u00f1\u00eda dedicada al desarrollo, producci\u00f3n y comercializaci\u00f3n de productos farmac\u00e9uticos y dermocosm\u00e9ticos.\",\"publisher\":{\"@id\":\"https:\\\/\\\/genove.com\\\/en\\\/#organization\"},\"potentialAction\":[{\"@type\":\"SearchAction\",\"target\":{\"@type\":\"EntryPoint\",\"urlTemplate\":\"https:\\\/\\\/genove.com\\\/en\\\/?s={search_term_string}\"},\"query-input\":{\"@type\":\"PropertyValueSpecification\",\"valueRequired\":true,\"valueName\":\"search_term_string\"}}],\"inLanguage\":\"en-US\"},{\"@type\":\"Organization\",\"@id\":\"https:\\\/\\\/genove.com\\\/en\\\/#organization\",\"name\":\"Genov\u00e9\",\"url\":\"https:\\\/\\\/genove.com\\\/en\\\/\",\"logo\":{\"@type\":\"ImageObject\",\"inLanguage\":\"en-US\",\"@id\":\"https:\\\/\\\/genove.com\\\/en\\\/#\\\/schema\\\/logo\\\/image\\\/\",\"url\":\"https:\\\/\\\/genove.com\\\/wp-content\\\/uploads\\\/2021\\\/12\\\/logo.svg\",\"contentUrl\":\"https:\\\/\\\/genove.com\\\/wp-content\\\/uploads\\\/2021\\\/12\\\/logo.svg\",\"width\":100,\"height\":31,\"caption\":\"Genov\u00e9\"},\"image\":{\"@id\":\"https:\\\/\\\/genove.com\\\/en\\\/#\\\/schema\\\/logo\\\/image\\\/\"}}]}<\/script>\n<!-- \/ Yoast SEO plugin. -->","yoast_head_json":{"title":"Our story - Genov\u00e9","robots":{"index":"index","follow":"follow","max-snippet":"max-snippet:-1","max-image-preview":"max-image-preview:large","max-video-preview":"max-video-preview:-1"},"canonical":"https:\/\/genove.com\/en\/our-story\/","og_locale":"en_US","og_type":"article","og_title":"Our story - Genov\u00e9","og_description":"[vc_row bg_type=&#8221;image&#8221; parallax_style=&#8221;vcpb-default&#8221; bg_image_new=&#8221;id^516|url^https:\/\/genove.com\/wp-content\/uploads\/2022\/02\/historia.jpg|caption^null|alt^null|title^historia|description^null&#8221; bg_image_repeat=&#8221;no-repeat&#8221; bg_override=&#8221;full&#8221; el_class=&#8221;cabecera&#8221; css=&#8221;.vc_custom_1644926334250{padding-top: 120px !important;padding-bottom: 150px !important;}&#8221;][vc_column][vc_column_text] OUR STORY [\/vc_column_text][\/vc_column][\/vc_row][vc_row][vc_column css_animation=&#8221;fadeInUp&#8221;][vc_single_image image=&#8221;520&#8243; img_size=&#8221;full&#8221; alignment=&#8221;center&#8221; el_class=&#8221;logo_historia&#8221;][\/vc_column][\/vc_row]","og_url":"https:\/\/genove.com\/en\/our-story\/","og_site_name":"Genov\u00e9","article_modified_time":"2023-07-26T07:38:17+00:00","og_image":[{"url":"https:\/\/genove.com\/wp-content\/uploads\/2022\/02\/t1.jpg","type":"","width":"","height":""}],"twitter_card":"summary_large_image","twitter_misc":{"Est. reading time":"2 minutes"},"schema":{"@context":"https:\/\/schema.org","@graph":[{"@type":"WebPage","@id":"https:\/\/genove.com\/en\/our-story\/","url":"https:\/\/genove.com\/en\/our-story\/","name":"Our story - Genov\u00e9","isPartOf":{"@id":"https:\/\/genove.com\/en\/#website"},"primaryImageOfPage":{"@id":"https:\/\/genove.com\/en\/our-story\/#primaryimage"},"image":{"@id":"https:\/\/genove.com\/en\/our-story\/#primaryimage"},"thumbnailUrl":"https:\/\/genove.com\/wp-content\/uploads\/2022\/02\/t1.jpg","datePublished":"2022-02-15T10:56:10+00:00","dateModified":"2023-07-26T07:38:17+00:00","breadcrumb":{"@id":"https:\/\/genove.com\/en\/our-story\/#breadcrumb"},"inLanguage":"en-US","potentialAction":[{"@type":"ReadAction","target":["https:\/\/genove.com\/en\/our-story\/"]}]},{"@type":"ImageObject","inLanguage":"en-US","@id":"https:\/\/genove.com\/en\/our-story\/#primaryimage","url":"https:\/\/genove.com\/wp-content\/uploads\/2022\/02\/t1.jpg","contentUrl":"https:\/\/genove.com\/wp-content\/uploads\/2022\/02\/t1.jpg"},{"@type":"BreadcrumbList","@id":"https:\/\/genove.com\/en\/our-story\/#breadcrumb","itemListElement":[{"@type":"ListItem","position":1,"name":"Portada","item":"https:\/\/genove.com\/en\/"},{"@type":"ListItem","position":2,"name":"Our story"}]},{"@type":"WebSite","@id":"https:\/\/genove.com\/en\/#website","url":"https:\/\/genove.com\/en\/","name":"Genov\u00e9","description":"Laboratorio Genov\u00e9 es una compa\u00f1\u00eda dedicada al desarrollo, producci\u00f3n y comercializaci\u00f3n de productos farmac\u00e9uticos y dermocosm\u00e9ticos.","publisher":{"@id":"https:\/\/genove.com\/en\/#organization"},"potentialAction":[{"@type":"SearchAction","target":{"@type":"EntryPoint","urlTemplate":"https:\/\/genove.com\/en\/?s={search_term_string}"},"query-input":{"@type":"PropertyValueSpecification","valueRequired":true,"valueName":"search_term_string"}}],"inLanguage":"en-US"},{"@type":"Organization","@id":"https:\/\/genove.com\/en\/#organization","name":"Genov\u00e9","url":"https:\/\/genove.com\/en\/","logo":{"@type":"ImageObject","inLanguage":"en-US","@id":"https:\/\/genove.com\/en\/#\/schema\/logo\/image\/","url":"https:\/\/genove.com\/wp-content\/uploads\/2021\/12\/logo.svg","contentUrl":"https:\/\/genove.com\/wp-content\/uploads\/2021\/12\/logo.svg","width":100,"height":31,"caption":"Genov\u00e9"},"image":{"@id":"https:\/\/genove.com\/en\/#\/schema\/logo\/image\/"}}]}},"_links":{"self":[{"href":"https:\/\/genove.com\/en\/wp-json\/wp\/v2\/pages\/36086","targetHints":{"allow":["GET"]}}],"collection":[{"href":"https:\/\/genove.com\/en\/wp-json\/wp\/v2\/pages"}],"about":[{"href":"https:\/\/genove.com\/en\/wp-json\/wp\/v2\/types\/page"}],"author":[{"embeddable":true,"href":"https:\/\/genove.com\/en\/wp-json\/wp\/v2\/users\/1"}],"replies":[{"embeddable":true,"href":"https:\/\/genove.com\/en\/wp-json\/wp\/v2\/comments?post=36086"}],"version-history":[{"count":1,"href":"https:\/\/genove.com\/en\/wp-json\/wp\/v2\/pages\/36086\/revisions"}],"predecessor-version":[{"id":36089,"href":"https:\/\/genove.com\/en\/wp-json\/wp\/v2\/pages\/36086\/revisions\/36089"}],"wp:attachment":[{"href":"https:\/\/genove.com\/en\/wp-json\/wp\/v2\/media?parent=36086"}],"curies":[{"name":"wp","href":"https:\/\/api.w.org\/{rel}","templated":true}]}}