{"id":36071,"date":"2022-01-28T16:14:48","date_gmt":"2022-01-28T15:14:48","guid":{"rendered":"https:\/\/genove.com\/genoves-commitment\/"},"modified":"2024-05-09T09:57:18","modified_gmt":"2024-05-09T07:57:18","slug":"genoves-commitment","status":"publish","type":"page","link":"https:\/\/genove.com\/en\/genoves-commitment\/","title":{"rendered":"Genov\u00e9\u2019s commitment"},"content":{"rendered":"<div class=\"wpb-content-wrapper\"><p>[vc_row bg_type=&#8221;image&#8221; parallax_style=&#8221;vcpb-default&#8221; bg_image_new=&#8221;id^282|url^https:\/\/genove.com\/wp-content\/uploads\/2022\/01\/sostenibilidad.jpg|caption^null|alt^null|title^sostenibilidad|description^null&#8221; bg_image_repeat=&#8221;no-repeat&#8221; bg_override=&#8221;full&#8221; el_class=&#8221;cabecera&#8221; css=&#8221;.vc_custom_1644926286866{padding-top: 120px !important;padding-bottom: 150px !important;}&#8221;][vc_column][vc_column_text]<\/p>\n<h1 style=\"text-align: center;\">SUSTAINABILITY<\/h1>\n<p>[\/vc_column_text][\/vc_column][\/vc_row][vc_row gap=&#8221;35&#8243; content_placement=&#8221;middle&#8221; css=&#8221;.vc_custom_1644867152335{margin-bottom: 0px !important;padding-bottom: 0px !important;}&#8221; el_class=&#8221;hojas&#8221;][vc_column width=&#8221;1\/2&#8243; css=&#8221;.vc_custom_1644867095955{padding-bottom: 0px !important;}&#8221;][vc_column_text]<\/p>\n<h2>NATURALLY <strong style=\"color: #007200;\">SUSTAINABLE<\/strong><\/h2>\n<p>Laboratorio Genov\u00e9<sup>\u00ae<\/sup> is a company belonging to the <strong>AC Marca<\/strong> group whose goal and commitment is to protect the environment.<\/p>\n<p>It does this by using the best available technology in each product development phase to reduce the environmental impact and grow in a sustainable way.[\/vc_column_text][vc_single_image image=&#8221;35282&#8243; img_size=&#8221;full&#8221;][\/vc_column][vc_column width=&#8221;1\/2&#8243; css=&#8221;.vc_custom_1644867091541{padding-bottom: 0px !important;}&#8221;][vc_single_image image=&#8221;35281&#8243; img_size=&#8221;full&#8221; alignment=&#8221;right&#8221; css=&#8221;.vc_custom_1644865329916{margin-bottom: 0px !important;}&#8221;][\/vc_column][\/vc_row][vc_row bg_type=&#8221;bg_color&#8221; bg_override=&#8221;full&#8221; bg_color_value=&#8221;#f9f9f9&#8243; el_class=&#8221;sosteniblilidad_destacados&#8221; css=&#8221;.vc_custom_1644866855241{padding-top: 40px !important;padding-bottom: 40px !important;}&#8221;][vc_column][vc_column_text css=&#8221;.vc_custom_1644866052358{margin-bottom: 50px !important;}&#8221;]<\/p>\n<h2 style=\"text-align: center;\">COMMITTED<br \/>\n<strong style=\"color: #007200;\">TO PEOPLE AND THE PLANET<\/strong><\/h2>\n<p>[\/vc_column_text][vc_row_inner gap=&#8221;35&#8243;][vc_column_inner width=&#8221;1\/3&#8243;][vc_single_image image=&#8221;35673&#8243; img_size=&#8221;full&#8221; alignment=&#8221;center&#8221; css=&#8221;.vc_custom_1675355445277{margin-bottom: 20px !important;}&#8221;][vc_column_text css=&#8221;.vc_custom_1644865697786{margin-bottom: 50px !important;}&#8221;]<\/p>\n<h3 style=\"text-align: center;\">MINDFUL PRODUCTS<\/h3>\n<p style=\"text-align: center;\">We roll out effective, environmentally friendly and safe solutions.<\/p>\n<p>[\/vc_column_text][\/vc_column_inner][vc_column_inner width=&#8221;1\/3&#8243;][vc_single_image image=&#8221;35675&#8243; img_size=&#8221;full&#8221; alignment=&#8221;center&#8221; css=&#8221;.vc_custom_1675355457132{margin-bottom: 20px !important;}&#8221;][vc_column_text css=&#8221;.vc_custom_1644865746453{margin-bottom: 50px !important;}&#8221;]<\/p>\n<h3 style=\"text-align: center;\">COMMITTED PEOPLE<\/h3>\n<p style=\"text-align: center;\">At Genov\u00e9 we promote sustainability and invite people to engage.<\/p>\n<p>[\/vc_column_text][\/vc_column_inner][vc_column_inner width=&#8221;1\/3&#8243;][vc_single_image image=&#8221;35674&#8243; img_size=&#8221;full&#8221; alignment=&#8221;center&#8221; css=&#8221;.vc_custom_1675355471975{margin-bottom: 20px !important;}&#8221;][vc_column_text css=&#8221;.vc_custom_1644865768539{margin-bottom: 50px !important;}&#8221;]<\/p>\n<h3 style=\"text-align: center;\">PROTECTED PLANET<\/h3>\n<p style=\"text-align: center;\">We endeavor to care for the planet and reduce our environmental impact.<\/p>\n<p>[\/vc_column_text][\/vc_column_inner][\/vc_row_inner][\/vc_column][\/vc_row][vc_row el_class=&#8221;sosteniblilidad_destacados&#8221; css=&#8221;.vc_custom_1644866140591{padding-top: 40px !important;padding-bottom: 40px !important;}&#8221;][vc_column][vc_row_inner gap=&#8221;35&#8243;][vc_column_inner width=&#8221;1\/3&#8243;][vc_single_image image=&#8221;35288&#8243; img_size=&#8221;full&#8221; alignment=&#8221;center&#8221; css=&#8221;.vc_custom_1644866518477{margin-bottom: 20px !important;}&#8221;][vc_column_text css=&#8221;.vc_custom_1644866264983{margin-bottom: 50px !important;}&#8221;]<\/p>\n<h3 style=\"text-align: center;\">100% RENEWABLE<\/h3>\n<p style=\"text-align: center;\">Laboratorio Genov\u00e9\u2019s factory is equipped with <strong>solar panels<\/strong>, it uses energy from renewable sources and the <strong>electricity it consumes is 100% renewable<\/strong>.<\/p>\n<p>[\/vc_column_text][\/vc_column_inner][vc_column_inner width=&#8221;1\/3&#8243;][vc_single_image image=&#8221;35286&#8243; img_size=&#8221;full&#8221; alignment=&#8221;center&#8221; css=&#8221;.vc_custom_1644866539991{margin-bottom: 20px !important;}&#8221;][vc_column_text css=&#8221;.vc_custom_1715241395386{margin-bottom: 50px !important;}&#8221;]<\/p>\n<h3 style=\"text-align: center;\">62% LOWER WATER CONSUMPTION<\/h3>\n<p style=\"text-align: center;\">Genov\u00e9\u2019s Bigues i Riells plant has <strong>reduced its water consumption per ton produced by 62%<\/strong> thanks to the optimization of cleaning systems over the last 3 years.<\/p>\n<p>[\/vc_column_text][\/vc_column_inner][vc_column_inner width=&#8221;1\/3&#8243;][vc_single_image image=&#8221;35287&#8243; img_size=&#8221;full&#8221; alignment=&#8221;center&#8221; css=&#8221;.vc_custom_1644866557227{margin-bottom: 20px !important;}&#8221;][vc_column_text css=&#8221;.vc_custom_1715241435016{margin-bottom: 50px !important;}&#8221;]<\/p>\n<h3 style=\"text-align: center;\">60% LESS WASTE<\/h3>\n<p style=\"text-align: center;\">Our main production center, which is responsible for more than 70% of the total manufactured, has reduced <strong>the amount of waste generated per ton manufactured by 60%<\/strong>.<\/p>\n<p>[\/vc_column_text][\/vc_column_inner][\/vc_row_inner][\/vc_column][\/vc_row][vc_row gap=&#8221;35&#8243; content_placement=&#8221;middle&#8221; bg_type=&#8221;bg_color&#8221; bg_override=&#8221;full&#8221; bg_color_value=&#8221;#f9f9f9&#8243; css=&#8221;.vc_custom_1644866898057{padding-top: 20px !important;padding-bottom: 20px !important;}&#8221;][vc_column width=&#8221;1\/2&#8243;][vc_single_image image=&#8221;35289&#8243; img_size=&#8221;full&#8221; alignment=&#8221;center&#8221; css=&#8221;.vc_custom_1644866755439{margin-bottom: 20px !important;}&#8221;][\/vc_column][vc_column width=&#8221;1\/2&#8243;][vc_column_text]At Laboratorio Genov\u00e9<sup>\u00ae<\/sup>we are not only committed to the health of people, we are also interested in the <strong>health of our planet<\/strong>.<\/p>\n<p>Part of our company\u2019s DNA is to work with a strong focus on developing the very best dermatological solutions that always fulfill the highest criteria of <strong>safety, efficacy and sustainability<\/strong>.<\/p>\n<p>We are working hard to optimize our processes in order to reduce the impact on the environment and increase the recyclability of our products, for a<strong> #zerowaste<\/strong> future.<\/p>\n<p>Laboratorio Genov\u00e9<sup>\u00ae<\/sup> understands sustainability in a circular way and we believe in the importance of small gestures to achieve great things.<\/p>\n<p>Since 2010, the AC <strong>Marca<\/strong> group\u2019s factories have <strong>reduced the amount of waste<\/strong> generated per ton manufactured by 40%.<\/p>\n<p>Thee Laboratorio Genov\u00e9<sup>\u00ae<\/sup> factory and all the plants that AC Marca has throughout Spain have obtained environmental management, quality system and health and safety certificates (ISO 14001:2015; ISO 9001: 2015; ISO 45001: 2018).[\/vc_column_text][\/vc_column][\/vc_row][vc_row full_width=&#8221;stretch_row_content&#8221;][vc_column][vc_single_image image=&#8221;35290&#8243; img_size=&#8221;full&#8221; alignment=&#8221;center&#8221; css=&#8221;.vc_custom_1644867044722{margin-bottom: 0px !important;}&#8221;][\/vc_column][\/vc_row]<\/p>\n<\/div>","protected":false},"excerpt":{"rendered":"<p>[vc_row bg_type=&#8221;image&#8221; parallax_style=&#8221;vcpb-default&#8221; bg_image_new=&#8221;id^282|url^https:\/\/genove.com\/wp-content\/uploads\/2022\/01\/sostenibilidad.jpg|caption^null|alt^null|title^sostenibilidad|description^null&#8221; bg_image_repeat=&#8221;no-repeat&#8221; bg_override=&#8221;full&#8221; el_class=&#8221;cabecera&#8221; css=&#8221;.vc_custom_1644926286866{padding-top: 120px !important;padding-bottom: 150px !important;}&#8221;][vc_column][vc_column_text] SUSTAINABILITY [\/vc_column_text][\/vc_column][\/vc_row][vc_row gap=&#8221;35&#8243; content_placement=&#8221;middle&#8221; css=&#8221;.vc_custom_1644867152335{margin-bottom: 0px !important;padding-bottom: 0px !important;}&#8221; el_class=&#8221;hojas&#8221;][vc_column width=&#8221;1\/2&#8243; css=&#8221;.vc_custom_1644867095955{padding-bottom: 0px !important;}&#8221;][vc_column_text] NATURALLY SUSTAINABLE Laboratorio Genov\u00e9\u00ae is a company belonging to the AC Marca group whose goal and commitment is to protect the environment. It does this by using the best&hellip;<\/p>\n","protected":false},"author":1,"featured_media":0,"parent":0,"menu_order":0,"comment_status":"closed","ping_status":"closed","template":"","meta":{"inline_featured_image":false,"footnotes":""},"class_list":["post-36071","page","type-page","status-publish","hentry","description-off"],"yoast_head":"<!-- This site is optimized with the Yoast SEO plugin v27.5 - https:\/\/yoast.com\/product\/yoast-seo-wordpress\/ -->\n<title>Genov\u00e9\u2019s commitment - Genov\u00e9<\/title>\n<meta name=\"robots\" content=\"index, follow, max-snippet:-1, max-image-preview:large, max-video-preview:-1\" \/>\n<link rel=\"canonical\" href=\"https:\/\/genove.com\/en\/genoves-commitment\/\" \/>\n<meta property=\"og:locale\" content=\"en_US\" \/>\n<meta property=\"og:type\" content=\"article\" \/>\n<meta property=\"og:title\" content=\"Genov\u00e9\u2019s commitment - Genov\u00e9\" \/>\n<meta property=\"og:description\" content=\"[vc_row bg_type=&#8221;image&#8221; parallax_style=&#8221;vcpb-default&#8221; bg_image_new=&#8221;id^282|url^https:\/\/genove.com\/wp-content\/uploads\/2022\/01\/sostenibilidad.jpg|caption^null|alt^null|title^sostenibilidad|description^null&#8221; bg_image_repeat=&#8221;no-repeat&#8221; bg_override=&#8221;full&#8221; el_class=&#8221;cabecera&#8221; css=&#8221;.vc_custom_1644926286866{padding-top: 120px !important;padding-bottom: 150px !important;}&#8221;][vc_column][vc_column_text] SUSTAINABILITY [\/vc_column_text][\/vc_column][\/vc_row][vc_row gap=&#8221;35&#8243; content_placement=&#8221;middle&#8221; css=&#8221;.vc_custom_1644867152335{margin-bottom: 0px !important;padding-bottom: 0px !important;}&#8221; el_class=&#8221;hojas&#8221;][vc_column width=&#8221;1\/2&#8243; css=&#8221;.vc_custom_1644867095955{padding-bottom: 0px !important;}&#8221;][vc_column_text] NATURALLY SUSTAINABLE Laboratorio Genov\u00e9\u00ae is a company belonging to the AC Marca group whose goal and commitment is to protect the environment. It does this by using the best&hellip;\" \/>\n<meta property=\"og:url\" content=\"https:\/\/genove.com\/en\/genoves-commitment\/\" \/>\n<meta property=\"og:site_name\" content=\"Genov\u00e9\" \/>\n<meta property=\"article:modified_time\" content=\"2024-05-09T07:57:18+00:00\" \/>\n<meta name=\"twitter:card\" content=\"summary_large_image\" \/>\n<meta name=\"twitter:label1\" content=\"Est. reading time\" \/>\n\t<meta name=\"twitter:data1\" content=\"5 minutes\" \/>\n<script type=\"application\/ld+json\" class=\"yoast-schema-graph\">{\"@context\":\"https:\\\/\\\/schema.org\",\"@graph\":[{\"@type\":\"WebPage\",\"@id\":\"https:\\\/\\\/genove.com\\\/en\\\/genoves-commitment\\\/\",\"url\":\"https:\\\/\\\/genove.com\\\/en\\\/genoves-commitment\\\/\",\"name\":\"Genov\u00e9\u2019s commitment - Genov\u00e9\",\"isPartOf\":{\"@id\":\"https:\\\/\\\/genove.com\\\/en\\\/#website\"},\"datePublished\":\"2022-01-28T15:14:48+00:00\",\"dateModified\":\"2024-05-09T07:57:18+00:00\",\"breadcrumb\":{\"@id\":\"https:\\\/\\\/genove.com\\\/en\\\/genoves-commitment\\\/#breadcrumb\"},\"inLanguage\":\"en-US\",\"potentialAction\":[{\"@type\":\"ReadAction\",\"target\":[\"https:\\\/\\\/genove.com\\\/en\\\/genoves-commitment\\\/\"]}]},{\"@type\":\"BreadcrumbList\",\"@id\":\"https:\\\/\\\/genove.com\\\/en\\\/genoves-commitment\\\/#breadcrumb\",\"itemListElement\":[{\"@type\":\"ListItem\",\"position\":1,\"name\":\"Portada\",\"item\":\"https:\\\/\\\/genove.com\\\/en\\\/\"},{\"@type\":\"ListItem\",\"position\":2,\"name\":\"Genov\u00e9\u2019s commitment\"}]},{\"@type\":\"WebSite\",\"@id\":\"https:\\\/\\\/genove.com\\\/en\\\/#website\",\"url\":\"https:\\\/\\\/genove.com\\\/en\\\/\",\"name\":\"Genov\u00e9\",\"description\":\"Laboratorio Genov\u00e9 es una compa\u00f1\u00eda dedicada al desarrollo, producci\u00f3n y comercializaci\u00f3n de productos farmac\u00e9uticos y dermocosm\u00e9ticos.\",\"publisher\":{\"@id\":\"https:\\\/\\\/genove.com\\\/en\\\/#organization\"},\"potentialAction\":[{\"@type\":\"SearchAction\",\"target\":{\"@type\":\"EntryPoint\",\"urlTemplate\":\"https:\\\/\\\/genove.com\\\/en\\\/?s={search_term_string}\"},\"query-input\":{\"@type\":\"PropertyValueSpecification\",\"valueRequired\":true,\"valueName\":\"search_term_string\"}}],\"inLanguage\":\"en-US\"},{\"@type\":\"Organization\",\"@id\":\"https:\\\/\\\/genove.com\\\/en\\\/#organization\",\"name\":\"Genov\u00e9\",\"url\":\"https:\\\/\\\/genove.com\\\/en\\\/\",\"logo\":{\"@type\":\"ImageObject\",\"inLanguage\":\"en-US\",\"@id\":\"https:\\\/\\\/genove.com\\\/en\\\/#\\\/schema\\\/logo\\\/image\\\/\",\"url\":\"https:\\\/\\\/genove.com\\\/wp-content\\\/uploads\\\/2021\\\/12\\\/logo.svg\",\"contentUrl\":\"https:\\\/\\\/genove.com\\\/wp-content\\\/uploads\\\/2021\\\/12\\\/logo.svg\",\"width\":100,\"height\":31,\"caption\":\"Genov\u00e9\"},\"image\":{\"@id\":\"https:\\\/\\\/genove.com\\\/en\\\/#\\\/schema\\\/logo\\\/image\\\/\"}}]}<\/script>\n<!-- \/ Yoast SEO plugin. -->","yoast_head_json":{"title":"Genov\u00e9\u2019s commitment - Genov\u00e9","robots":{"index":"index","follow":"follow","max-snippet":"max-snippet:-1","max-image-preview":"max-image-preview:large","max-video-preview":"max-video-preview:-1"},"canonical":"https:\/\/genove.com\/en\/genoves-commitment\/","og_locale":"en_US","og_type":"article","og_title":"Genov\u00e9\u2019s commitment - Genov\u00e9","og_description":"[vc_row bg_type=&#8221;image&#8221; parallax_style=&#8221;vcpb-default&#8221; bg_image_new=&#8221;id^282|url^https:\/\/genove.com\/wp-content\/uploads\/2022\/01\/sostenibilidad.jpg|caption^null|alt^null|title^sostenibilidad|description^null&#8221; bg_image_repeat=&#8221;no-repeat&#8221; bg_override=&#8221;full&#8221; el_class=&#8221;cabecera&#8221; css=&#8221;.vc_custom_1644926286866{padding-top: 120px !important;padding-bottom: 150px !important;}&#8221;][vc_column][vc_column_text] SUSTAINABILITY [\/vc_column_text][\/vc_column][\/vc_row][vc_row gap=&#8221;35&#8243; content_placement=&#8221;middle&#8221; css=&#8221;.vc_custom_1644867152335{margin-bottom: 0px !important;padding-bottom: 0px !important;}&#8221; el_class=&#8221;hojas&#8221;][vc_column width=&#8221;1\/2&#8243; css=&#8221;.vc_custom_1644867095955{padding-bottom: 0px !important;}&#8221;][vc_column_text] NATURALLY SUSTAINABLE Laboratorio Genov\u00e9\u00ae is a company belonging to the AC Marca group whose goal and commitment is to protect the environment. It does this by using the best&hellip;","og_url":"https:\/\/genove.com\/en\/genoves-commitment\/","og_site_name":"Genov\u00e9","article_modified_time":"2024-05-09T07:57:18+00:00","twitter_card":"summary_large_image","twitter_misc":{"Est. reading time":"5 minutes"},"schema":{"@context":"https:\/\/schema.org","@graph":[{"@type":"WebPage","@id":"https:\/\/genove.com\/en\/genoves-commitment\/","url":"https:\/\/genove.com\/en\/genoves-commitment\/","name":"Genov\u00e9\u2019s commitment - Genov\u00e9","isPartOf":{"@id":"https:\/\/genove.com\/en\/#website"},"datePublished":"2022-01-28T15:14:48+00:00","dateModified":"2024-05-09T07:57:18+00:00","breadcrumb":{"@id":"https:\/\/genove.com\/en\/genoves-commitment\/#breadcrumb"},"inLanguage":"en-US","potentialAction":[{"@type":"ReadAction","target":["https:\/\/genove.com\/en\/genoves-commitment\/"]}]},{"@type":"BreadcrumbList","@id":"https:\/\/genove.com\/en\/genoves-commitment\/#breadcrumb","itemListElement":[{"@type":"ListItem","position":1,"name":"Portada","item":"https:\/\/genove.com\/en\/"},{"@type":"ListItem","position":2,"name":"Genov\u00e9\u2019s commitment"}]},{"@type":"WebSite","@id":"https:\/\/genove.com\/en\/#website","url":"https:\/\/genove.com\/en\/","name":"Genov\u00e9","description":"Laboratorio Genov\u00e9 es una compa\u00f1\u00eda dedicada al desarrollo, producci\u00f3n y comercializaci\u00f3n de productos farmac\u00e9uticos y dermocosm\u00e9ticos.","publisher":{"@id":"https:\/\/genove.com\/en\/#organization"},"potentialAction":[{"@type":"SearchAction","target":{"@type":"EntryPoint","urlTemplate":"https:\/\/genove.com\/en\/?s={search_term_string}"},"query-input":{"@type":"PropertyValueSpecification","valueRequired":true,"valueName":"search_term_string"}}],"inLanguage":"en-US"},{"@type":"Organization","@id":"https:\/\/genove.com\/en\/#organization","name":"Genov\u00e9","url":"https:\/\/genove.com\/en\/","logo":{"@type":"ImageObject","inLanguage":"en-US","@id":"https:\/\/genove.com\/en\/#\/schema\/logo\/image\/","url":"https:\/\/genove.com\/wp-content\/uploads\/2021\/12\/logo.svg","contentUrl":"https:\/\/genove.com\/wp-content\/uploads\/2021\/12\/logo.svg","width":100,"height":31,"caption":"Genov\u00e9"},"image":{"@id":"https:\/\/genove.com\/en\/#\/schema\/logo\/image\/"}}]}},"_links":{"self":[{"href":"https:\/\/genove.com\/en\/wp-json\/wp\/v2\/pages\/36071","targetHints":{"allow":["GET"]}}],"collection":[{"href":"https:\/\/genove.com\/en\/wp-json\/wp\/v2\/pages"}],"about":[{"href":"https:\/\/genove.com\/en\/wp-json\/wp\/v2\/types\/page"}],"author":[{"embeddable":true,"href":"https:\/\/genove.com\/en\/wp-json\/wp\/v2\/users\/1"}],"replies":[{"embeddable":true,"href":"https:\/\/genove.com\/en\/wp-json\/wp\/v2\/comments?post=36071"}],"version-history":[{"count":5,"href":"https:\/\/genove.com\/en\/wp-json\/wp\/v2\/pages\/36071\/revisions"}],"predecessor-version":[{"id":39983,"href":"https:\/\/genove.com\/en\/wp-json\/wp\/v2\/pages\/36071\/revisions\/39983"}],"wp:attachment":[{"href":"https:\/\/genove.com\/en\/wp-json\/wp\/v2\/media?parent=36071"}],"curies":[{"name":"wp","href":"https:\/\/api.w.org\/{rel}","templated":true}]}}