{"id":36069,"date":"2022-01-24T17:46:53","date_gmt":"2022-01-24T16:46:53","guid":{"rendered":"https:\/\/genove.com\/legal-notice\/"},"modified":"2022-01-24T17:46:53","modified_gmt":"2022-01-24T16:46:53","slug":"legal-notice","status":"publish","type":"page","link":"https:\/\/genove.com\/en\/legal-notice\/","title":{"rendered":"Legal notice"},"content":{"rendered":"<p><strong>Identification of the owner of the Website<\/strong><\/p>\n<p>The owner of this Website is GRUPO AC MARCA, S.L., with Tax ID No. B-61711503 and registered offices at Av. Carrilet, 293-297, 08907 L\u2019Hospitalet de Llobregat (Barcelona), Spain, which is the head office of the AC Marca business group.<\/p>\n<p><strong>Intellectual and industrial property<\/strong><\/p>\n<p>The design, logos, trademarks and other distinctive signs that appear on the Website belong exclusively to AC Marca and are protected by the corresponding intellectual and industrial property rights.<\/p>\n<p><strong>Links to third-party websites<\/strong><\/p>\n<p>AC Marca\u2019s Website may contain links to third-party websites. AC Marca will not be held liable for the contents of such websites and, therefore, any risk arising from their use will be the sole liability of the user.<br \/>\nLikewise, AC Marca is not responsible for the legality of third-party websites from which this Website may be accessed.<br \/>\nLiability for the contents<\/p>\n<p>AC Marca, as owner of this Website, reserves the right to make changes to it without prior notice in order to keep the information on it up to date by adding, modifying, correcting or eliminating the contents published or its design.<br \/>\nAC Marca will not be liable for the use made by third parties of the information published on this Website nor for any damages or loss suffered by any user in relation to the information contained on this Website.<br \/>\nReproduction of contents<\/p>\n<p>It is forbidden to reproduce all or part of the contents published on this Website.<br \/>\nApplicable legislation<\/p>\n<p>The applicable legislation in case of disputes or conflicts relating to the interpretation of the terms in this legal notice or any question related to the services of this portal will be Spanish law.<\/p>\n","protected":false},"excerpt":{"rendered":"<p>Identification of the owner of the Website The owner of this Website is GRUPO AC MARCA, S.L., with Tax ID No. B-61711503 and registered offices at Av. Carrilet, 293-297, 08907 L\u2019Hospitalet de Llobregat (Barcelona), Spain, which is the head office of the AC Marca business group. Intellectual and industrial property The design, logos, trademarks and&hellip;<\/p>\n","protected":false},"author":1,"featured_media":0,"parent":0,"menu_order":0,"comment_status":"closed","ping_status":"closed","template":"","meta":{"inline_featured_image":false,"footnotes":""},"class_list":["post-36069","page","type-page","status-publish","hentry","description-off"],"yoast_head":"<!-- This site is optimized with the Yoast SEO plugin v27.3 - https:\/\/yoast.com\/product\/yoast-seo-wordpress\/ -->\n<title>Legal notice - Genov\u00e9<\/title>\n<meta name=\"robots\" content=\"index, follow, max-snippet:-1, max-image-preview:large, max-video-preview:-1\" \/>\n<link rel=\"canonical\" href=\"https:\/\/genove.com\/en\/legal-notice\/\" \/>\n<meta property=\"og:locale\" content=\"en_US\" \/>\n<meta property=\"og:type\" content=\"article\" \/>\n<meta property=\"og:title\" content=\"Legal notice - Genov\u00e9\" \/>\n<meta property=\"og:description\" content=\"Identification of the owner of the Website The owner of this Website is GRUPO AC MARCA, S.L., with Tax ID No. B-61711503 and registered offices at Av. Carrilet, 293-297, 08907 L\u2019Hospitalet de Llobregat (Barcelona), Spain, which is the head office of the AC Marca business group. Intellectual and industrial property The design, logos, trademarks and&hellip;\" \/>\n<meta property=\"og:url\" content=\"https:\/\/genove.com\/en\/legal-notice\/\" \/>\n<meta property=\"og:site_name\" content=\"Genov\u00e9\" \/>\n<meta name=\"twitter:card\" content=\"summary_large_image\" \/>\n<meta name=\"twitter:label1\" content=\"Est. reading time\" \/>\n\t<meta name=\"twitter:data1\" content=\"1 minute\" \/>\n<script type=\"application\/ld+json\" class=\"yoast-schema-graph\">{\"@context\":\"https:\\\/\\\/schema.org\",\"@graph\":[{\"@type\":\"WebPage\",\"@id\":\"https:\\\/\\\/genove.com\\\/en\\\/legal-notice\\\/\",\"url\":\"https:\\\/\\\/genove.com\\\/en\\\/legal-notice\\\/\",\"name\":\"Legal notice - Genov\u00e9\",\"isPartOf\":{\"@id\":\"https:\\\/\\\/genove.com\\\/en\\\/#website\"},\"datePublished\":\"2022-01-24T16:46:53+00:00\",\"breadcrumb\":{\"@id\":\"https:\\\/\\\/genove.com\\\/en\\\/legal-notice\\\/#breadcrumb\"},\"inLanguage\":\"en-US\",\"potentialAction\":[{\"@type\":\"ReadAction\",\"target\":[\"https:\\\/\\\/genove.com\\\/en\\\/legal-notice\\\/\"]}]},{\"@type\":\"BreadcrumbList\",\"@id\":\"https:\\\/\\\/genove.com\\\/en\\\/legal-notice\\\/#breadcrumb\",\"itemListElement\":[{\"@type\":\"ListItem\",\"position\":1,\"name\":\"Portada\",\"item\":\"https:\\\/\\\/genove.com\\\/en\\\/\"},{\"@type\":\"ListItem\",\"position\":2,\"name\":\"Legal notice\"}]},{\"@type\":\"WebSite\",\"@id\":\"https:\\\/\\\/genove.com\\\/en\\\/#website\",\"url\":\"https:\\\/\\\/genove.com\\\/en\\\/\",\"name\":\"Genov\u00e9\",\"description\":\"Laboratorio Genov\u00e9 es una compa\u00f1\u00eda dedicada al desarrollo, producci\u00f3n y comercializaci\u00f3n de productos farmac\u00e9uticos y dermocosm\u00e9ticos.\",\"publisher\":{\"@id\":\"https:\\\/\\\/genove.com\\\/en\\\/#organization\"},\"potentialAction\":[{\"@type\":\"SearchAction\",\"target\":{\"@type\":\"EntryPoint\",\"urlTemplate\":\"https:\\\/\\\/genove.com\\\/en\\\/?s={search_term_string}\"},\"query-input\":{\"@type\":\"PropertyValueSpecification\",\"valueRequired\":true,\"valueName\":\"search_term_string\"}}],\"inLanguage\":\"en-US\"},{\"@type\":\"Organization\",\"@id\":\"https:\\\/\\\/genove.com\\\/en\\\/#organization\",\"name\":\"Genov\u00e9\",\"url\":\"https:\\\/\\\/genove.com\\\/en\\\/\",\"logo\":{\"@type\":\"ImageObject\",\"inLanguage\":\"en-US\",\"@id\":\"https:\\\/\\\/genove.com\\\/en\\\/#\\\/schema\\\/logo\\\/image\\\/\",\"url\":\"https:\\\/\\\/genove.com\\\/wp-content\\\/uploads\\\/2021\\\/12\\\/logo.svg\",\"contentUrl\":\"https:\\\/\\\/genove.com\\\/wp-content\\\/uploads\\\/2021\\\/12\\\/logo.svg\",\"width\":100,\"height\":31,\"caption\":\"Genov\u00e9\"},\"image\":{\"@id\":\"https:\\\/\\\/genove.com\\\/en\\\/#\\\/schema\\\/logo\\\/image\\\/\"}}]}<\/script>\n<!-- \/ Yoast SEO plugin. -->","yoast_head_json":{"title":"Legal notice - Genov\u00e9","robots":{"index":"index","follow":"follow","max-snippet":"max-snippet:-1","max-image-preview":"max-image-preview:large","max-video-preview":"max-video-preview:-1"},"canonical":"https:\/\/genove.com\/en\/legal-notice\/","og_locale":"en_US","og_type":"article","og_title":"Legal notice - Genov\u00e9","og_description":"Identification of the owner of the Website The owner of this Website is GRUPO AC MARCA, S.L., with Tax ID No. B-61711503 and registered offices at Av. Carrilet, 293-297, 08907 L\u2019Hospitalet de Llobregat (Barcelona), Spain, which is the head office of the AC Marca business group. Intellectual and industrial property The design, logos, trademarks and&hellip;","og_url":"https:\/\/genove.com\/en\/legal-notice\/","og_site_name":"Genov\u00e9","twitter_card":"summary_large_image","twitter_misc":{"Est. reading time":"1 minute"},"schema":{"@context":"https:\/\/schema.org","@graph":[{"@type":"WebPage","@id":"https:\/\/genove.com\/en\/legal-notice\/","url":"https:\/\/genove.com\/en\/legal-notice\/","name":"Legal notice - Genov\u00e9","isPartOf":{"@id":"https:\/\/genove.com\/en\/#website"},"datePublished":"2022-01-24T16:46:53+00:00","breadcrumb":{"@id":"https:\/\/genove.com\/en\/legal-notice\/#breadcrumb"},"inLanguage":"en-US","potentialAction":[{"@type":"ReadAction","target":["https:\/\/genove.com\/en\/legal-notice\/"]}]},{"@type":"BreadcrumbList","@id":"https:\/\/genove.com\/en\/legal-notice\/#breadcrumb","itemListElement":[{"@type":"ListItem","position":1,"name":"Portada","item":"https:\/\/genove.com\/en\/"},{"@type":"ListItem","position":2,"name":"Legal notice"}]},{"@type":"WebSite","@id":"https:\/\/genove.com\/en\/#website","url":"https:\/\/genove.com\/en\/","name":"Genov\u00e9","description":"Laboratorio Genov\u00e9 es una compa\u00f1\u00eda dedicada al desarrollo, producci\u00f3n y comercializaci\u00f3n de productos farmac\u00e9uticos y dermocosm\u00e9ticos.","publisher":{"@id":"https:\/\/genove.com\/en\/#organization"},"potentialAction":[{"@type":"SearchAction","target":{"@type":"EntryPoint","urlTemplate":"https:\/\/genove.com\/en\/?s={search_term_string}"},"query-input":{"@type":"PropertyValueSpecification","valueRequired":true,"valueName":"search_term_string"}}],"inLanguage":"en-US"},{"@type":"Organization","@id":"https:\/\/genove.com\/en\/#organization","name":"Genov\u00e9","url":"https:\/\/genove.com\/en\/","logo":{"@type":"ImageObject","inLanguage":"en-US","@id":"https:\/\/genove.com\/en\/#\/schema\/logo\/image\/","url":"https:\/\/genove.com\/wp-content\/uploads\/2021\/12\/logo.svg","contentUrl":"https:\/\/genove.com\/wp-content\/uploads\/2021\/12\/logo.svg","width":100,"height":31,"caption":"Genov\u00e9"},"image":{"@id":"https:\/\/genove.com\/en\/#\/schema\/logo\/image\/"}}]}},"_links":{"self":[{"href":"https:\/\/genove.com\/en\/wp-json\/wp\/v2\/pages\/36069","targetHints":{"allow":["GET"]}}],"collection":[{"href":"https:\/\/genove.com\/en\/wp-json\/wp\/v2\/pages"}],"about":[{"href":"https:\/\/genove.com\/en\/wp-json\/wp\/v2\/types\/page"}],"author":[{"embeddable":true,"href":"https:\/\/genove.com\/en\/wp-json\/wp\/v2\/users\/1"}],"replies":[{"embeddable":true,"href":"https:\/\/genove.com\/en\/wp-json\/wp\/v2\/comments?post=36069"}],"version-history":[{"count":0,"href":"https:\/\/genove.com\/en\/wp-json\/wp\/v2\/pages\/36069\/revisions"}],"wp:attachment":[{"href":"https:\/\/genove.com\/en\/wp-json\/wp\/v2\/media?parent=36069"}],"curies":[{"name":"wp","href":"https:\/\/api.w.org\/{rel}","templated":true}]}}