{"id":36068,"date":"2022-01-24T17:46:33","date_gmt":"2022-01-24T16:46:33","guid":{"rendered":"https:\/\/genove.com\/sitemap\/"},"modified":"2022-01-24T17:46:33","modified_gmt":"2022-01-24T16:46:33","slug":"sitemap","status":"publish","type":"page","link":"https:\/\/genove.com\/en\/sitemap\/","title":{"rendered":"Sitemap"},"content":{"rendered":"<div class=\"wsp-container\"><h2 class=\"wsp-pages-title\">Pages<\/h2>\n<ul class=\"wsp-pages-list\">\n<li class=\"page_item page-item-36090\"><a href=\"https:\/\/genove.com\/en\/about-us\/\">About us<\/a><\/li>\n<li class=\"page_item page-item-36070\"><a href=\"https:\/\/genove.com\/en\/ac-marcas-cookies-policy\/\">AC Marca\u2019s cookies policy<\/a><\/li>\n<li class=\"page_item page-item-36466 page_item_has_children\"><a href=\"https:\/\/genove.com\/en\/body\/\">Body<\/a>\n<ul class='children'>\n\t<li class=\"page_item page-item-36469\"><a href=\"https:\/\/genove.com\/en\/body\/body-moisturizing\/\">Body moisturizing<\/a><\/li>\n\t<li class=\"page_item page-item-36475\"><a href=\"https:\/\/genove.com\/en\/body\/gels\/\">Gels<\/a><\/li>\n\t<li class=\"page_item page-item-36472\"><a href=\"https:\/\/genove.com\/en\/body\/liquid-soap\/\">Liquid Soap<\/a><\/li>\n<\/ul>\n<\/li>\n<li class=\"page_item page-item-36098 page_item_has_children\"><a href=\"https:\/\/genove.com\/en\/brands\/\">Brands<\/a>\n<ul class='children'>\n\t<li class=\"page_item page-item-36387\"><a href=\"https:\/\/genove.com\/en\/brands\/agua-de-rosas\/\">AGUA DE ROSAS<\/a><\/li>\n\t<li class=\"page_item page-item-36390\"><a href=\"https:\/\/genove.com\/en\/brands\/detox\/\">DETOX<\/a><\/li>\n\t<li class=\"page_item page-item-36397\"><a href=\"https:\/\/genove.com\/en\/brands\/fluidbase-rederm\/\">FLUIDBASE REDERM\u00ae<\/a><\/li>\n\t<li class=\"page_item page-item-36381\"><a href=\"https:\/\/genove.com\/en\/brands\/fluidbase\/\">FLUIDBASE\u00ae<\/a><\/li>\n\t<li class=\"page_item page-item-36384\"><a href=\"https:\/\/genove.com\/en\/brands\/genocure\/\">GENOCURE\u00ae<\/a><\/li>\n\t<li class=\"page_item page-item-36258\"><a href=\"https:\/\/genove.com\/en\/brands\/genocutan\/\">GENOCUTAN\u00ae<\/a><\/li>\n\t<li class=\"page_item page-item-36271\"><a href=\"https:\/\/genove.com\/en\/brands\/genoderm-genotergente\/\">GENODERM\u00ae GENOTERGENTE<\/a><\/li>\n\t<li class=\"page_item page-item-36280\"><a href=\"https:\/\/genove.com\/en\/brands\/genomask\/\">GENOMASK\u00ae<\/a><\/li>\n\t<li class=\"page_item page-item-36253\"><a href=\"https:\/\/genove.com\/en\/brands\/genosun\/\">GENOSUN\u00ae<\/a><\/li>\n\t<li class=\"page_item page-item-36194\"><a href=\"https:\/\/genove.com\/en\/brands\/noxzema\/\">NOXZEMA\u00ae<\/a><\/li>\n\t<li class=\"page_item page-item-36102\"><a href=\"https:\/\/genove.com\/en\/brands\/pilopeptan\/\">PILOPEPTAN\u00ae<\/a><\/li>\n<\/ul>\n<\/li>\n<li class=\"page_item page-item-36094\"><a href=\"https:\/\/genove.com\/en\/contact\/\">Contact<\/a><\/li>\n<li class=\"page_item page-item-36378 page_item_has_children\"><a href=\"https:\/\/genove.com\/en\/facial\/\">Facial<\/a>\n<ul class='children'>\n\t<li class=\"page_item page-item-36434\"><a href=\"https:\/\/genove.com\/en\/facial\/anti-aging\/\">Anti-aging<\/a><\/li>\n\t<li class=\"page_item page-item-36440\"><a href=\"https:\/\/genove.com\/en\/facial\/cleansing\/\">Cleansing<\/a><\/li>\n\t<li class=\"page_item page-item-36437\"><a href=\"https:\/\/genove.com\/en\/facial\/facial-mask\/\">Facial Mask<\/a><\/li>\n\t<li class=\"page_item page-item-36431\"><a href=\"https:\/\/genove.com\/en\/facial\/hydration\/\">Hydration<\/a><\/li>\n\t<li class=\"page_item page-item-36428\"><a href=\"https:\/\/genove.com\/en\/facial\/oily-and-acne-prone-skin\/\">Oily and acne-prone skin<\/a><\/li>\n<\/ul>\n<\/li>\n<li class=\"page_item page-item-36075\"><a href=\"https:\/\/genove.com\/en\/find-your-pharmacy\/\">Find your pharmacy<\/a><\/li>\n<li class=\"page_item page-item-36065\"><a href=\"https:\/\/genove.com\/en\/genoblog\/\">Genoblog<\/a><\/li>\n<li class=\"page_item page-item-36078\"><a href=\"https:\/\/genove.com\/en\/\">Genov\u00e9<\/a><\/li>\n<li class=\"page_item page-item-36071\"><a href=\"https:\/\/genove.com\/en\/genoves-commitment\/\">Genov\u00e9\u2019s commitment<\/a><\/li>\n<li class=\"page_item page-item-36419 page_item_has_children\"><a href=\"https:\/\/genove.com\/en\/hair-loss\/\">Hair Loss<\/a>\n<ul class='children'>\n\t<li class=\"page_item page-item-36484\"><a href=\"https:\/\/genove.com\/en\/hair-loss\/hair-loss-in-men\/\">Hair Loss in Men<\/a><\/li>\n\t<li class=\"page_item page-item-36490\"><a href=\"https:\/\/genove.com\/en\/hair-loss\/hair-loss-in-women\/\">Hair Loss in Women<\/a><\/li>\n\t<li class=\"page_item page-item-36425\"><a href=\"https:\/\/genove.com\/en\/hair-loss\/oral-treatment\/\">Oral Treatment<\/a><\/li>\n\t<li class=\"page_item page-item-36422\"><a href=\"https:\/\/genove.com\/en\/hair-loss\/topical-treatment\/\">Topical Treatment<\/a><\/li>\n<\/ul>\n<\/li>\n<li class=\"page_item page-item-36069\"><a href=\"https:\/\/genove.com\/en\/legal-notice\/\">Legal notice<\/a><\/li>\n<li class=\"page_item page-item-36416\"><a href=\"https:\/\/genove.com\/en\/nails\/\">Nails<\/a><\/li>\n<li class=\"page_item page-item-36086\"><a href=\"https:\/\/genove.com\/en\/our-story\/\">Our story<\/a><\/li>\n<li class=\"page_item page-item-36064\"><a href=\"https:\/\/genove.com\/en\/privacy-policy\/\">Privacy policy<\/a><\/li>\n<li class=\"page_item page-item-36463\"><a href=\"https:\/\/genove.com\/en\/shaving\/\">Shaving<\/a><\/li>\n<li class=\"page_item page-item-36068\"><a href=\"https:\/\/genove.com\/en\/sitemap\/\">Sitemap<\/a><\/li>\n<li class=\"page_item page-item-36443 page_item_has_children\"><a href=\"https:\/\/genove.com\/en\/sanitizers\/\">Skin care accessories<\/a>\n<ul class='children'>\n\t<li class=\"page_item page-item-36455\"><a href=\"https:\/\/genove.com\/en\/sanitizers\/bandages\/\">Bandages<\/a><\/li>\n\t<li class=\"page_item page-item-36446\"><a href=\"https:\/\/genove.com\/en\/sanitizers\/bath-sponges\/\">Bath Sponges<\/a><\/li>\n\t<li class=\"page_item page-item-36449\"><a href=\"https:\/\/genove.com\/en\/sanitizers\/dermatological-gloves\/\">Dermatological gloves<\/a><\/li>\n\t<li class=\"page_item page-item-36458\"><a href=\"https:\/\/genove.com\/en\/sanitizers\/tubular-meshes\/\">Tubular meshes<\/a><\/li>\n<\/ul>\n<\/li>\n<li class=\"page_item page-item-36410 page_item_has_children\"><a href=\"https:\/\/genove.com\/en\/sun-protection\/\">Sun Protection<\/a>\n<ul class='children'>\n\t<li class=\"page_item page-item-36478\"><a href=\"https:\/\/genove.com\/en\/sun-protection\/after-sun-skin-repair\/\">After sun skin repair<\/a><\/li>\n\t<li class=\"page_item page-item-36413\"><a href=\"https:\/\/genove.com\/en\/sun-protection\/sun-preparation\/\">Sun preparation<\/a><\/li>\n\t<li class=\"page_item page-item-36481\"><a href=\"https:\/\/genove.com\/en\/sun-protection\/sunscreen\/\">Sunscreen<\/a><\/li>\n<\/ul>\n<\/li>\n<\/ul>\n<\/div>\n","protected":false},"excerpt":{"rendered":"<p>Pages About us AC Marca\u2019s cookies policy Body Body moisturizing Gels Liquid Soap Brands AGUA DE ROSAS DETOX FLUIDBASE REDERM\u00ae FLUIDBASE\u00ae GENOCURE\u00ae GENOCUTAN\u00ae GENODERM\u00ae GENOTERGENTE GENOMASK\u00ae GENOSUN\u00ae NOXZEMA\u00ae PILOPEPTAN\u00ae Contact Facial Anti-aging Cleansing Facial Mask Hydration Oily and acne-prone skin Find your pharmacy Genoblog Genov\u00e9 Genov\u00e9\u2019s commitment Hair Loss Hair Loss in Men Hair Loss&hellip;<\/p>\n","protected":false},"author":1,"featured_media":0,"parent":0,"menu_order":0,"comment_status":"closed","ping_status":"closed","template":"","meta":{"inline_featured_image":false,"footnotes":""},"class_list":["post-36068","page","type-page","status-publish","hentry","description-off"],"yoast_head":"<!-- This site is optimized with the Yoast SEO plugin v27.3 - https:\/\/yoast.com\/product\/yoast-seo-wordpress\/ -->\n<title>Sitemap - Genov\u00e9<\/title>\n<meta name=\"robots\" content=\"index, follow, max-snippet:-1, max-image-preview:large, max-video-preview:-1\" \/>\n<link rel=\"canonical\" href=\"https:\/\/genove.com\/en\/sitemap\/\" \/>\n<meta property=\"og:locale\" content=\"en_US\" \/>\n<meta property=\"og:type\" content=\"article\" \/>\n<meta property=\"og:title\" content=\"Sitemap - Genov\u00e9\" \/>\n<meta property=\"og:url\" content=\"https:\/\/genove.com\/en\/sitemap\/\" \/>\n<meta property=\"og:site_name\" content=\"Genov\u00e9\" \/>\n<meta name=\"twitter:card\" content=\"summary_large_image\" \/>\n<script type=\"application\/ld+json\" class=\"yoast-schema-graph\">{\"@context\":\"https:\\\/\\\/schema.org\",\"@graph\":[{\"@type\":\"WebPage\",\"@id\":\"https:\\\/\\\/genove.com\\\/en\\\/sitemap\\\/\",\"url\":\"https:\\\/\\\/genove.com\\\/en\\\/sitemap\\\/\",\"name\":\"Sitemap - Genov\u00e9\",\"isPartOf\":{\"@id\":\"https:\\\/\\\/genove.com\\\/en\\\/#website\"},\"datePublished\":\"2022-01-24T16:46:33+00:00\",\"breadcrumb\":{\"@id\":\"https:\\\/\\\/genove.com\\\/en\\\/sitemap\\\/#breadcrumb\"},\"inLanguage\":\"en-US\",\"potentialAction\":[{\"@type\":\"ReadAction\",\"target\":[\"https:\\\/\\\/genove.com\\\/en\\\/sitemap\\\/\"]}]},{\"@type\":\"BreadcrumbList\",\"@id\":\"https:\\\/\\\/genove.com\\\/en\\\/sitemap\\\/#breadcrumb\",\"itemListElement\":[{\"@type\":\"ListItem\",\"position\":1,\"name\":\"Portada\",\"item\":\"https:\\\/\\\/genove.com\\\/en\\\/\"},{\"@type\":\"ListItem\",\"position\":2,\"name\":\"Sitemap\"}]},{\"@type\":\"WebSite\",\"@id\":\"https:\\\/\\\/genove.com\\\/en\\\/#website\",\"url\":\"https:\\\/\\\/genove.com\\\/en\\\/\",\"name\":\"Genov\u00e9\",\"description\":\"Laboratorio Genov\u00e9 es una compa\u00f1\u00eda dedicada al desarrollo, producci\u00f3n y comercializaci\u00f3n de productos farmac\u00e9uticos y dermocosm\u00e9ticos.\",\"publisher\":{\"@id\":\"https:\\\/\\\/genove.com\\\/en\\\/#organization\"},\"potentialAction\":[{\"@type\":\"SearchAction\",\"target\":{\"@type\":\"EntryPoint\",\"urlTemplate\":\"https:\\\/\\\/genove.com\\\/en\\\/?s={search_term_string}\"},\"query-input\":{\"@type\":\"PropertyValueSpecification\",\"valueRequired\":true,\"valueName\":\"search_term_string\"}}],\"inLanguage\":\"en-US\"},{\"@type\":\"Organization\",\"@id\":\"https:\\\/\\\/genove.com\\\/en\\\/#organization\",\"name\":\"Genov\u00e9\",\"url\":\"https:\\\/\\\/genove.com\\\/en\\\/\",\"logo\":{\"@type\":\"ImageObject\",\"inLanguage\":\"en-US\",\"@id\":\"https:\\\/\\\/genove.com\\\/en\\\/#\\\/schema\\\/logo\\\/image\\\/\",\"url\":\"https:\\\/\\\/genove.com\\\/wp-content\\\/uploads\\\/2021\\\/12\\\/logo.svg\",\"contentUrl\":\"https:\\\/\\\/genove.com\\\/wp-content\\\/uploads\\\/2021\\\/12\\\/logo.svg\",\"width\":100,\"height\":31,\"caption\":\"Genov\u00e9\"},\"image\":{\"@id\":\"https:\\\/\\\/genove.com\\\/en\\\/#\\\/schema\\\/logo\\\/image\\\/\"}}]}<\/script>\n<!-- \/ Yoast SEO plugin. -->","yoast_head_json":{"title":"Sitemap - Genov\u00e9","robots":{"index":"index","follow":"follow","max-snippet":"max-snippet:-1","max-image-preview":"max-image-preview:large","max-video-preview":"max-video-preview:-1"},"canonical":"https:\/\/genove.com\/en\/sitemap\/","og_locale":"en_US","og_type":"article","og_title":"Sitemap - Genov\u00e9","og_url":"https:\/\/genove.com\/en\/sitemap\/","og_site_name":"Genov\u00e9","twitter_card":"summary_large_image","schema":{"@context":"https:\/\/schema.org","@graph":[{"@type":"WebPage","@id":"https:\/\/genove.com\/en\/sitemap\/","url":"https:\/\/genove.com\/en\/sitemap\/","name":"Sitemap - Genov\u00e9","isPartOf":{"@id":"https:\/\/genove.com\/en\/#website"},"datePublished":"2022-01-24T16:46:33+00:00","breadcrumb":{"@id":"https:\/\/genove.com\/en\/sitemap\/#breadcrumb"},"inLanguage":"en-US","potentialAction":[{"@type":"ReadAction","target":["https:\/\/genove.com\/en\/sitemap\/"]}]},{"@type":"BreadcrumbList","@id":"https:\/\/genove.com\/en\/sitemap\/#breadcrumb","itemListElement":[{"@type":"ListItem","position":1,"name":"Portada","item":"https:\/\/genove.com\/en\/"},{"@type":"ListItem","position":2,"name":"Sitemap"}]},{"@type":"WebSite","@id":"https:\/\/genove.com\/en\/#website","url":"https:\/\/genove.com\/en\/","name":"Genov\u00e9","description":"Laboratorio Genov\u00e9 es una compa\u00f1\u00eda dedicada al desarrollo, producci\u00f3n y comercializaci\u00f3n de productos farmac\u00e9uticos y dermocosm\u00e9ticos.","publisher":{"@id":"https:\/\/genove.com\/en\/#organization"},"potentialAction":[{"@type":"SearchAction","target":{"@type":"EntryPoint","urlTemplate":"https:\/\/genove.com\/en\/?s={search_term_string}"},"query-input":{"@type":"PropertyValueSpecification","valueRequired":true,"valueName":"search_term_string"}}],"inLanguage":"en-US"},{"@type":"Organization","@id":"https:\/\/genove.com\/en\/#organization","name":"Genov\u00e9","url":"https:\/\/genove.com\/en\/","logo":{"@type":"ImageObject","inLanguage":"en-US","@id":"https:\/\/genove.com\/en\/#\/schema\/logo\/image\/","url":"https:\/\/genove.com\/wp-content\/uploads\/2021\/12\/logo.svg","contentUrl":"https:\/\/genove.com\/wp-content\/uploads\/2021\/12\/logo.svg","width":100,"height":31,"caption":"Genov\u00e9"},"image":{"@id":"https:\/\/genove.com\/en\/#\/schema\/logo\/image\/"}}]}},"_links":{"self":[{"href":"https:\/\/genove.com\/en\/wp-json\/wp\/v2\/pages\/36068","targetHints":{"allow":["GET"]}}],"collection":[{"href":"https:\/\/genove.com\/en\/wp-json\/wp\/v2\/pages"}],"about":[{"href":"https:\/\/genove.com\/en\/wp-json\/wp\/v2\/types\/page"}],"author":[{"embeddable":true,"href":"https:\/\/genove.com\/en\/wp-json\/wp\/v2\/users\/1"}],"replies":[{"embeddable":true,"href":"https:\/\/genove.com\/en\/wp-json\/wp\/v2\/comments?post=36068"}],"version-history":[{"count":0,"href":"https:\/\/genove.com\/en\/wp-json\/wp\/v2\/pages\/36068\/revisions"}],"wp:attachment":[{"href":"https:\/\/genove.com\/en\/wp-json\/wp\/v2\/media?parent=36068"}],"curies":[{"name":"wp","href":"https:\/\/api.w.org\/{rel}","templated":true}]}}